{"id":16940,"date":"2024-09-26T15:54:36","date_gmt":"2024-09-26T15:54:36","guid":{"rendered":"https:\/\/nts-europe.eu\/?post_type=product&#038;p=16940"},"modified":"2025-04-23T11:35:25","modified_gmt":"2025-04-23T11:35:25","slug":"tear-aid-type-a-bande-autoadhesive-de-75-mm-x-45-cm-pour-la-reparation-de-tissus-naturels-et-synthetiques","status":"publish","type":"product","link":"https:\/\/nts-europe.eu\/fr\/shop\/tear-aid-type-a-bande-autoadhesive-de-75-mm-x-45-cm-pour-la-reparation-de-tissus-naturels-et-synthetiques\/","title":{"rendered":"Tear-Aid Type A bande autoadh\u00e9sive de 75 mm x 45 cm pour la r\u00e9paration de tissus naturels et synth\u00e9tiques"},"content":{"rendered":"<p>Ce pack comprend 1 bande de Tear-Aid Type A mesurant 75 mm x 45 cm, une lingette nettoyante et un mode d&#8217;emploi, pour la r\u00e9paration de tissus naturels (comme le canevas en coton, par exemple) ou synth\u00e9tiques (nylon, polyester, etc.) autres que le vinyle\u00a0ou\u00a0le\u00a0PVC.<\/p>\n","protected":false},"excerpt":{"rendered":"<p>Tear-Aid Type A bande autoadh\u00e9sive de 75 mm x 45 cm pour la r\u00e9paration de tissus naturels et synth\u00e9tiques<\/p>\n","protected":false},"featured_media":0,"template":"","meta":[],"product_brand":[],"product_cat":[193,144,103,392,109,145],"product_tag":[],"class_list":{"0":"post-16940","1":"product","2":"type-product","3":"status-publish","5":"product_cat-shop-nts-europe","6":"product_cat-tear-aid-strips","7":"product_cat-tear-aid","8":"product_cat-tear-aid-pro","9":"product_cat-tear-aid-type-a","10":"product_cat-tear-aid-type-a-strips","11":"product_shipping_class-envelope","13":"first","14":"instock","15":"taxable","16":"shipping-taxable","17":"purchasable","18":"product-type-simple"},"etheme_brands":{"errors":{"invalid_taxonomy":["Taxonomie non valide."]},"error_data":[]},"yoast_head":"<!-- This site is optimized with the Yoast SEO plugin v27.3 - https:\/\/yoast.com\/product\/yoast-seo-wordpress\/ -->\n<title>Tear-Aid Type A bande autoadh\u00e9sive de 75 mm x 45 cm pour la r\u00e9paration de tissus naturels et synth\u00e9tiques - NTS Europe<\/title>\n<meta name=\"robots\" content=\"index, follow, max-snippet:-1, max-image-preview:large, max-video-preview:-1\" \/>\n<link rel=\"canonical\" href=\"https:\/\/nts-europe.eu\/shop\/tear-aid-type-a-bande-autoadhesive-de-75-mm-x-45-cm-pour-la-reparation-de-tissus-naturels-et-synthetiques\/\" \/>\n<meta property=\"og:locale\" content=\"fr_FR\" \/>\n<meta property=\"og:type\" content=\"article\" \/>\n<meta property=\"og:title\" content=\"Tear-Aid Type A bande autoadh\u00e9sive de 75 mm x 45 cm pour la r\u00e9paration de tissus naturels et synth\u00e9tiques - NTS Europe\" \/>\n<meta property=\"og:description\" content=\"Tear-Aid Type A bande autoadh\u00e9sive de 75 mm x 45 cm pour la r\u00e9paration de tissus naturels et synth\u00e9tiques\" \/>\n<meta property=\"og:url\" content=\"https:\/\/nts-europe.eu\/shop\/tear-aid-type-a-bande-autoadhesive-de-75-mm-x-45-cm-pour-la-reparation-de-tissus-naturels-et-synthetiques\/\" \/>\n<meta property=\"og:site_name\" content=\"NTS Europe\" \/>\n<meta property=\"article:publisher\" content=\"https:\/\/www.facebook.com\/ntseurope\/\" \/>\n<meta property=\"article:modified_time\" content=\"2025-04-23T11:35:25+00:00\" \/>\n<meta name=\"twitter:card\" content=\"summary_large_image\" \/>\n<meta name=\"twitter:site\" content=\"@ntseurope\" \/>\n<script type=\"application\/ld+json\" class=\"yoast-schema-graph\">{\"@context\":\"https:\\\/\\\/schema.org\",\"@graph\":[{\"@type\":\"WebPage\",\"@id\":\"https:\\\/\\\/nts-europe.eu\\\/shop\\\/tear-aid-type-a-bande-autoadhesive-de-75-mm-x-45-cm-pour-la-reparation-de-tissus-naturels-et-synthetiques\\\/\",\"url\":\"https:\\\/\\\/nts-europe.eu\\\/shop\\\/tear-aid-type-a-bande-autoadhesive-de-75-mm-x-45-cm-pour-la-reparation-de-tissus-naturels-et-synthetiques\\\/\",\"name\":\"Tear-Aid Type A bande autoadh\u00e9sive de 75 mm x 45 cm pour la r\u00e9paration de tissus naturels et synth\u00e9tiques - NTS Europe\",\"isPartOf\":{\"@id\":\"https:\\\/\\\/nts-europe.eu\\\/#website\"},\"datePublished\":\"2024-09-26T15:54:36+00:00\",\"dateModified\":\"2025-04-23T11:35:25+00:00\",\"breadcrumb\":{\"@id\":\"https:\\\/\\\/nts-europe.eu\\\/shop\\\/tear-aid-type-a-bande-autoadhesive-de-75-mm-x-45-cm-pour-la-reparation-de-tissus-naturels-et-synthetiques\\\/#breadcrumb\"},\"inLanguage\":\"fr-FR\",\"potentialAction\":[{\"@type\":\"ReadAction\",\"target\":[\"https:\\\/\\\/nts-europe.eu\\\/shop\\\/tear-aid-type-a-bande-autoadhesive-de-75-mm-x-45-cm-pour-la-reparation-de-tissus-naturels-et-synthetiques\\\/\"]}]},{\"@type\":\"BreadcrumbList\",\"@id\":\"https:\\\/\\\/nts-europe.eu\\\/shop\\\/tear-aid-type-a-bande-autoadhesive-de-75-mm-x-45-cm-pour-la-reparation-de-tissus-naturels-et-synthetiques\\\/#breadcrumb\",\"itemListElement\":[{\"@type\":\"ListItem\",\"position\":1,\"name\":\"Accueil\",\"item\":\"https:\\\/\\\/nts-europe.eu\\\/fr\\\/nts-europe\\\/\"},{\"@type\":\"ListItem\",\"position\":2,\"name\":\"Shop\",\"item\":\"https:\\\/\\\/nts-europe.eu\\\/shop\\\/\"},{\"@type\":\"ListItem\",\"position\":3,\"name\":\"Tear-Aid Type A bande autoadh\u00e9sive de 75 mm x 45 cm pour la r\u00e9paration de tissus naturels et synth\u00e9tiques\"}]},{\"@type\":\"WebSite\",\"@id\":\"https:\\\/\\\/nts-europe.eu\\\/#website\",\"url\":\"https:\\\/\\\/nts-europe.eu\\\/\",\"name\":\"NTS Europe\",\"description\":\"Home of Tear-Aid, MistyStix, MistyBubbles and KlipSkis\",\"publisher\":{\"@id\":\"https:\\\/\\\/nts-europe.eu\\\/#organization\"},\"potentialAction\":[{\"@type\":\"SearchAction\",\"target\":{\"@type\":\"EntryPoint\",\"urlTemplate\":\"https:\\\/\\\/nts-europe.eu\\\/?s={search_term_string}\"},\"query-input\":{\"@type\":\"PropertyValueSpecification\",\"valueRequired\":true,\"valueName\":\"search_term_string\"}}],\"inLanguage\":\"fr-FR\"},{\"@type\":\"Organization\",\"@id\":\"https:\\\/\\\/nts-europe.eu\\\/#organization\",\"name\":\"NTS Europe\",\"url\":\"https:\\\/\\\/nts-europe.eu\\\/\",\"logo\":{\"@type\":\"ImageObject\",\"inLanguage\":\"fr-FR\",\"@id\":\"https:\\\/\\\/nts-europe.eu\\\/#\\\/schema\\\/logo\\\/image\\\/\",\"url\":\"https:\\\/\\\/nts-europe.eu\\\/wp-content\\\/uploads\\\/2024\\\/08\\\/nts-logo-2012-transparent-retina-tight-1.png\",\"contentUrl\":\"https:\\\/\\\/nts-europe.eu\\\/wp-content\\\/uploads\\\/2024\\\/08\\\/nts-logo-2012-transparent-retina-tight-1.png\",\"width\":1025,\"height\":690,\"caption\":\"NTS Europe\"},\"image\":{\"@id\":\"https:\\\/\\\/nts-europe.eu\\\/#\\\/schema\\\/logo\\\/image\\\/\"},\"sameAs\":[\"https:\\\/\\\/www.facebook.com\\\/ntseurope\\\/\",\"https:\\\/\\\/x.com\\\/ntseurope\"]}]}<\/script>\n<!-- \/ Yoast SEO plugin. -->","yoast_head_json":{"title":"Tear-Aid Type A bande autoadh\u00e9sive de 75 mm x 45 cm pour la r\u00e9paration de tissus naturels et synth\u00e9tiques - NTS Europe","robots":{"index":"index","follow":"follow","max-snippet":"max-snippet:-1","max-image-preview":"max-image-preview:large","max-video-preview":"max-video-preview:-1"},"canonical":"https:\/\/nts-europe.eu\/shop\/tear-aid-type-a-bande-autoadhesive-de-75-mm-x-45-cm-pour-la-reparation-de-tissus-naturels-et-synthetiques\/","og_locale":"fr_FR","og_type":"article","og_title":"Tear-Aid Type A bande autoadh\u00e9sive de 75 mm x 45 cm pour la r\u00e9paration de tissus naturels et synth\u00e9tiques - NTS Europe","og_description":"Tear-Aid Type A bande autoadh\u00e9sive de 75 mm x 45 cm pour la r\u00e9paration de tissus naturels et synth\u00e9tiques","og_url":"https:\/\/nts-europe.eu\/shop\/tear-aid-type-a-bande-autoadhesive-de-75-mm-x-45-cm-pour-la-reparation-de-tissus-naturels-et-synthetiques\/","og_site_name":"NTS Europe","article_publisher":"https:\/\/www.facebook.com\/ntseurope\/","article_modified_time":"2025-04-23T11:35:25+00:00","twitter_card":"summary_large_image","twitter_site":"@ntseurope","schema":{"@context":"https:\/\/schema.org","@graph":[{"@type":"WebPage","@id":"https:\/\/nts-europe.eu\/shop\/tear-aid-type-a-bande-autoadhesive-de-75-mm-x-45-cm-pour-la-reparation-de-tissus-naturels-et-synthetiques\/","url":"https:\/\/nts-europe.eu\/shop\/tear-aid-type-a-bande-autoadhesive-de-75-mm-x-45-cm-pour-la-reparation-de-tissus-naturels-et-synthetiques\/","name":"Tear-Aid Type A bande autoadh\u00e9sive de 75 mm x 45 cm pour la r\u00e9paration de tissus naturels et synth\u00e9tiques - NTS Europe","isPartOf":{"@id":"https:\/\/nts-europe.eu\/#website"},"datePublished":"2024-09-26T15:54:36+00:00","dateModified":"2025-04-23T11:35:25+00:00","breadcrumb":{"@id":"https:\/\/nts-europe.eu\/shop\/tear-aid-type-a-bande-autoadhesive-de-75-mm-x-45-cm-pour-la-reparation-de-tissus-naturels-et-synthetiques\/#breadcrumb"},"inLanguage":"fr-FR","potentialAction":[{"@type":"ReadAction","target":["https:\/\/nts-europe.eu\/shop\/tear-aid-type-a-bande-autoadhesive-de-75-mm-x-45-cm-pour-la-reparation-de-tissus-naturels-et-synthetiques\/"]}]},{"@type":"BreadcrumbList","@id":"https:\/\/nts-europe.eu\/shop\/tear-aid-type-a-bande-autoadhesive-de-75-mm-x-45-cm-pour-la-reparation-de-tissus-naturels-et-synthetiques\/#breadcrumb","itemListElement":[{"@type":"ListItem","position":1,"name":"Accueil","item":"https:\/\/nts-europe.eu\/fr\/nts-europe\/"},{"@type":"ListItem","position":2,"name":"Shop","item":"https:\/\/nts-europe.eu\/shop\/"},{"@type":"ListItem","position":3,"name":"Tear-Aid Type A bande autoadh\u00e9sive de 75 mm x 45 cm pour la r\u00e9paration de tissus naturels et synth\u00e9tiques"}]},{"@type":"WebSite","@id":"https:\/\/nts-europe.eu\/#website","url":"https:\/\/nts-europe.eu\/","name":"NTS Europe","description":"Home of Tear-Aid, MistyStix, MistyBubbles and KlipSkis","publisher":{"@id":"https:\/\/nts-europe.eu\/#organization"},"potentialAction":[{"@type":"SearchAction","target":{"@type":"EntryPoint","urlTemplate":"https:\/\/nts-europe.eu\/?s={search_term_string}"},"query-input":{"@type":"PropertyValueSpecification","valueRequired":true,"valueName":"search_term_string"}}],"inLanguage":"fr-FR"},{"@type":"Organization","@id":"https:\/\/nts-europe.eu\/#organization","name":"NTS Europe","url":"https:\/\/nts-europe.eu\/","logo":{"@type":"ImageObject","inLanguage":"fr-FR","@id":"https:\/\/nts-europe.eu\/#\/schema\/logo\/image\/","url":"https:\/\/nts-europe.eu\/wp-content\/uploads\/2024\/08\/nts-logo-2012-transparent-retina-tight-1.png","contentUrl":"https:\/\/nts-europe.eu\/wp-content\/uploads\/2024\/08\/nts-logo-2012-transparent-retina-tight-1.png","width":1025,"height":690,"caption":"NTS Europe"},"image":{"@id":"https:\/\/nts-europe.eu\/#\/schema\/logo\/image\/"},"sameAs":["https:\/\/www.facebook.com\/ntseurope\/","https:\/\/x.com\/ntseurope"]}]}},"jetpack_sharing_enabled":true,"_links":{"self":[{"href":"https:\/\/nts-europe.eu\/fr\/wp-json\/wp\/v2\/product\/16940","targetHints":{"allow":["GET"]}}],"collection":[{"href":"https:\/\/nts-europe.eu\/fr\/wp-json\/wp\/v2\/product"}],"about":[{"href":"https:\/\/nts-europe.eu\/fr\/wp-json\/wp\/v2\/types\/product"}],"version-history":[{"count":0,"href":"https:\/\/nts-europe.eu\/fr\/wp-json\/wp\/v2\/product\/16940\/revisions"}],"wp:attachment":[{"href":"https:\/\/nts-europe.eu\/fr\/wp-json\/wp\/v2\/media?parent=16940"}],"wp:term":[{"taxonomy":"product_brand","embeddable":true,"href":"https:\/\/nts-europe.eu\/fr\/wp-json\/wp\/v2\/product_brand?post=16940"},{"taxonomy":"product_cat","embeddable":true,"href":"https:\/\/nts-europe.eu\/fr\/wp-json\/wp\/v2\/product_cat?post=16940"},{"taxonomy":"product_tag","embeddable":true,"href":"https:\/\/nts-europe.eu\/fr\/wp-json\/wp\/v2\/product_tag?post=16940"}],"curies":[{"name":"wp","href":"https:\/\/api.w.org\/{rel}","templated":true}]}}