{"id":17004,"date":"2024-09-26T15:55:01","date_gmt":"2024-09-26T15:55:01","guid":{"rendered":"https:\/\/nts-europe.eu\/?post_type=product&#038;p=17004"},"modified":"2025-04-23T11:35:32","modified_gmt":"2025-04-23T11:35:32","slug":"tear-aid-type-b-bande-autoadhesive-de-32-mm-x-600-cm-pour-la-reparation-de-pvc-et-vinyles","status":"publish","type":"product","link":"https:\/\/nts-europe.eu\/fr\/shop\/tear-aid-type-b-bande-autoadhesive-de-32-mm-x-600-cm-pour-la-reparation-de-pvc-et-vinyles\/","title":{"rendered":"Tear-Aid Type B bande autoadh\u00e9sive de 32 mm x 600 cm pour la r\u00e9paration de PVC et vinyles"},"content":{"rendered":"<p>Ce pack comprend 1 bande de Tear-Aid Type B mesurant 32 mm x 6 m, trois lingettes nettoyantes et un mode d&#8217;emploi, pour la r\u00e9paration de vinyles\u00a0et\u00a0PVC.<\/p>\n","protected":false},"excerpt":{"rendered":"<p>Tear-Aid Type B bande autoadh\u00e9sive de 32 mm x 600 cm pour la r\u00e9paration de PVC et vinyles<\/p>\n","protected":false},"featured_media":17199,"template":"","meta":[],"product_brand":[],"product_cat":[193,144,103,392,105,146],"product_tag":[],"class_list":{"0":"post-17004","1":"product","2":"type-product","3":"status-publish","4":"has-post-thumbnail","6":"product_cat-shop-nts-europe","7":"product_cat-tear-aid-strips","8":"product_cat-tear-aid","9":"product_cat-tear-aid-pro","10":"product_cat-tear-aid-type-b","11":"product_cat-tear-aid-type-b-strips","12":"product_shipping_class-envelope","14":"first","15":"instock","16":"taxable","17":"shipping-taxable","18":"purchasable","19":"product-type-simple"},"etheme_brands":{"errors":{"invalid_taxonomy":["Taxonomie non valide."]},"error_data":[]},"yoast_head":"<!-- This site is optimized with the Yoast SEO plugin v27.3 - https:\/\/yoast.com\/product\/yoast-seo-wordpress\/ -->\n<title>Tear-Aid Type B bande autoadh\u00e9sive de 32 mm x 600 cm pour la r\u00e9paration de PVC et vinyles - NTS Europe<\/title>\n<meta name=\"robots\" content=\"index, follow, max-snippet:-1, max-image-preview:large, max-video-preview:-1\" \/>\n<link rel=\"canonical\" href=\"https:\/\/nts-europe.eu\/fr\/shop\/tear-aid-type-b-bande-autoadhesive-de-32-mm-x-600-cm-pour-la-reparation-de-pvc-et-vinyles\/\" \/>\n<meta property=\"og:locale\" content=\"fr_FR\" \/>\n<meta property=\"og:type\" content=\"article\" \/>\n<meta property=\"og:title\" content=\"Tear-Aid Type B bande autoadh\u00e9sive de 32 mm x 600 cm pour la r\u00e9paration de PVC et vinyles - NTS Europe\" \/>\n<meta property=\"og:description\" content=\"Tear-Aid Type B bande autoadh\u00e9sive de 32 mm x 600 cm pour la r\u00e9paration de PVC et vinyles\" \/>\n<meta property=\"og:url\" content=\"https:\/\/nts-europe.eu\/fr\/shop\/tear-aid-type-b-bande-autoadhesive-de-32-mm-x-600-cm-pour-la-reparation-de-pvc-et-vinyles\/\" \/>\n<meta property=\"og:site_name\" content=\"NTS Europe\" \/>\n<meta property=\"article:publisher\" content=\"https:\/\/www.facebook.com\/ntseurope\/\" \/>\n<meta property=\"article:modified_time\" content=\"2025-04-23T11:35:32+00:00\" \/>\n<meta property=\"og:image\" content=\"https:\/\/nts-europe.eu\/wp-content\/uploads\/2024\/10\/Tear-Aid_Type_B_32_mm_part_roll.jpg\" \/>\n\t<meta property=\"og:image:width\" content=\"1200\" \/>\n\t<meta property=\"og:image:height\" content=\"1200\" \/>\n\t<meta property=\"og:image:type\" content=\"image\/jpeg\" \/>\n<meta name=\"twitter:card\" content=\"summary_large_image\" \/>\n<meta name=\"twitter:site\" content=\"@ntseurope\" \/>\n<script type=\"application\/ld+json\" class=\"yoast-schema-graph\">{\"@context\":\"https:\\\/\\\/schema.org\",\"@graph\":[{\"@type\":\"WebPage\",\"@id\":\"https:\\\/\\\/nts-europe.eu\\\/fr\\\/shop\\\/tear-aid-type-b-bande-autoadhesive-de-32-mm-x-600-cm-pour-la-reparation-de-pvc-et-vinyles\\\/\",\"url\":\"https:\\\/\\\/nts-europe.eu\\\/fr\\\/shop\\\/tear-aid-type-b-bande-autoadhesive-de-32-mm-x-600-cm-pour-la-reparation-de-pvc-et-vinyles\\\/\",\"name\":\"Tear-Aid Type B bande autoadh\u00e9sive de 32 mm x 600 cm pour la r\u00e9paration de PVC et vinyles - NTS Europe\",\"isPartOf\":{\"@id\":\"https:\\\/\\\/nts-europe.eu\\\/#website\"},\"primaryImageOfPage\":{\"@id\":\"https:\\\/\\\/nts-europe.eu\\\/fr\\\/shop\\\/tear-aid-type-b-bande-autoadhesive-de-32-mm-x-600-cm-pour-la-reparation-de-pvc-et-vinyles\\\/#primaryimage\"},\"image\":{\"@id\":\"https:\\\/\\\/nts-europe.eu\\\/fr\\\/shop\\\/tear-aid-type-b-bande-autoadhesive-de-32-mm-x-600-cm-pour-la-reparation-de-pvc-et-vinyles\\\/#primaryimage\"},\"thumbnailUrl\":\"https:\\\/\\\/nts-europe.eu\\\/wp-content\\\/uploads\\\/2024\\\/10\\\/Tear-Aid_Type_B_32_mm_part_roll.jpg\",\"datePublished\":\"2024-09-26T15:55:01+00:00\",\"dateModified\":\"2025-04-23T11:35:32+00:00\",\"breadcrumb\":{\"@id\":\"https:\\\/\\\/nts-europe.eu\\\/fr\\\/shop\\\/tear-aid-type-b-bande-autoadhesive-de-32-mm-x-600-cm-pour-la-reparation-de-pvc-et-vinyles\\\/#breadcrumb\"},\"inLanguage\":\"fr-FR\",\"potentialAction\":[{\"@type\":\"ReadAction\",\"target\":[\"https:\\\/\\\/nts-europe.eu\\\/fr\\\/shop\\\/tear-aid-type-b-bande-autoadhesive-de-32-mm-x-600-cm-pour-la-reparation-de-pvc-et-vinyles\\\/\"]}]},{\"@type\":\"ImageObject\",\"inLanguage\":\"fr-FR\",\"@id\":\"https:\\\/\\\/nts-europe.eu\\\/fr\\\/shop\\\/tear-aid-type-b-bande-autoadhesive-de-32-mm-x-600-cm-pour-la-reparation-de-pvc-et-vinyles\\\/#primaryimage\",\"url\":\"https:\\\/\\\/nts-europe.eu\\\/wp-content\\\/uploads\\\/2024\\\/10\\\/Tear-Aid_Type_B_32_mm_part_roll.jpg\",\"contentUrl\":\"https:\\\/\\\/nts-europe.eu\\\/wp-content\\\/uploads\\\/2024\\\/10\\\/Tear-Aid_Type_B_32_mm_part_roll.jpg\",\"width\":1200,\"height\":1200,\"caption\":\"Tear-Aid Type B 32 mm - part roll\"},{\"@type\":\"BreadcrumbList\",\"@id\":\"https:\\\/\\\/nts-europe.eu\\\/fr\\\/shop\\\/tear-aid-type-b-bande-autoadhesive-de-32-mm-x-600-cm-pour-la-reparation-de-pvc-et-vinyles\\\/#breadcrumb\",\"itemListElement\":[{\"@type\":\"ListItem\",\"position\":1,\"name\":\"Accueil\",\"item\":\"https:\\\/\\\/nts-europe.eu\\\/fr\\\/nts-europe\\\/\"},{\"@type\":\"ListItem\",\"position\":2,\"name\":\"Shop\",\"item\":\"https:\\\/\\\/nts-europe.eu\\\/shop\\\/\"},{\"@type\":\"ListItem\",\"position\":3,\"name\":\"Tear-Aid Type B bande autoadh\u00e9sive de 32 mm x 600 cm pour la r\u00e9paration de PVC et vinyles\"}]},{\"@type\":\"WebSite\",\"@id\":\"https:\\\/\\\/nts-europe.eu\\\/#website\",\"url\":\"https:\\\/\\\/nts-europe.eu\\\/\",\"name\":\"NTS Europe\",\"description\":\"Home of Tear-Aid, MistyStix, MistyBubbles and KlipSkis\",\"publisher\":{\"@id\":\"https:\\\/\\\/nts-europe.eu\\\/#organization\"},\"potentialAction\":[{\"@type\":\"SearchAction\",\"target\":{\"@type\":\"EntryPoint\",\"urlTemplate\":\"https:\\\/\\\/nts-europe.eu\\\/?s={search_term_string}\"},\"query-input\":{\"@type\":\"PropertyValueSpecification\",\"valueRequired\":true,\"valueName\":\"search_term_string\"}}],\"inLanguage\":\"fr-FR\"},{\"@type\":\"Organization\",\"@id\":\"https:\\\/\\\/nts-europe.eu\\\/#organization\",\"name\":\"NTS Europe\",\"url\":\"https:\\\/\\\/nts-europe.eu\\\/\",\"logo\":{\"@type\":\"ImageObject\",\"inLanguage\":\"fr-FR\",\"@id\":\"https:\\\/\\\/nts-europe.eu\\\/#\\\/schema\\\/logo\\\/image\\\/\",\"url\":\"https:\\\/\\\/nts-europe.eu\\\/wp-content\\\/uploads\\\/2024\\\/08\\\/nts-logo-2012-transparent-retina-tight-1.png\",\"contentUrl\":\"https:\\\/\\\/nts-europe.eu\\\/wp-content\\\/uploads\\\/2024\\\/08\\\/nts-logo-2012-transparent-retina-tight-1.png\",\"width\":1025,\"height\":690,\"caption\":\"NTS Europe\"},\"image\":{\"@id\":\"https:\\\/\\\/nts-europe.eu\\\/#\\\/schema\\\/logo\\\/image\\\/\"},\"sameAs\":[\"https:\\\/\\\/www.facebook.com\\\/ntseurope\\\/\",\"https:\\\/\\\/x.com\\\/ntseurope\"]}]}<\/script>\n<!-- \/ Yoast SEO plugin. -->","yoast_head_json":{"title":"Tear-Aid Type B bande autoadh\u00e9sive de 32 mm x 600 cm pour la r\u00e9paration de PVC et vinyles - NTS Europe","robots":{"index":"index","follow":"follow","max-snippet":"max-snippet:-1","max-image-preview":"max-image-preview:large","max-video-preview":"max-video-preview:-1"},"canonical":"https:\/\/nts-europe.eu\/fr\/shop\/tear-aid-type-b-bande-autoadhesive-de-32-mm-x-600-cm-pour-la-reparation-de-pvc-et-vinyles\/","og_locale":"fr_FR","og_type":"article","og_title":"Tear-Aid Type B bande autoadh\u00e9sive de 32 mm x 600 cm pour la r\u00e9paration de PVC et vinyles - NTS Europe","og_description":"Tear-Aid Type B bande autoadh\u00e9sive de 32 mm x 600 cm pour la r\u00e9paration de PVC et vinyles","og_url":"https:\/\/nts-europe.eu\/fr\/shop\/tear-aid-type-b-bande-autoadhesive-de-32-mm-x-600-cm-pour-la-reparation-de-pvc-et-vinyles\/","og_site_name":"NTS Europe","article_publisher":"https:\/\/www.facebook.com\/ntseurope\/","article_modified_time":"2025-04-23T11:35:32+00:00","og_image":[{"width":1200,"height":1200,"url":"https:\/\/nts-europe.eu\/wp-content\/uploads\/2024\/10\/Tear-Aid_Type_B_32_mm_part_roll.jpg","type":"image\/jpeg"}],"twitter_card":"summary_large_image","twitter_site":"@ntseurope","schema":{"@context":"https:\/\/schema.org","@graph":[{"@type":"WebPage","@id":"https:\/\/nts-europe.eu\/fr\/shop\/tear-aid-type-b-bande-autoadhesive-de-32-mm-x-600-cm-pour-la-reparation-de-pvc-et-vinyles\/","url":"https:\/\/nts-europe.eu\/fr\/shop\/tear-aid-type-b-bande-autoadhesive-de-32-mm-x-600-cm-pour-la-reparation-de-pvc-et-vinyles\/","name":"Tear-Aid Type B bande autoadh\u00e9sive de 32 mm x 600 cm pour la r\u00e9paration de PVC et vinyles - NTS Europe","isPartOf":{"@id":"https:\/\/nts-europe.eu\/#website"},"primaryImageOfPage":{"@id":"https:\/\/nts-europe.eu\/fr\/shop\/tear-aid-type-b-bande-autoadhesive-de-32-mm-x-600-cm-pour-la-reparation-de-pvc-et-vinyles\/#primaryimage"},"image":{"@id":"https:\/\/nts-europe.eu\/fr\/shop\/tear-aid-type-b-bande-autoadhesive-de-32-mm-x-600-cm-pour-la-reparation-de-pvc-et-vinyles\/#primaryimage"},"thumbnailUrl":"https:\/\/nts-europe.eu\/wp-content\/uploads\/2024\/10\/Tear-Aid_Type_B_32_mm_part_roll.jpg","datePublished":"2024-09-26T15:55:01+00:00","dateModified":"2025-04-23T11:35:32+00:00","breadcrumb":{"@id":"https:\/\/nts-europe.eu\/fr\/shop\/tear-aid-type-b-bande-autoadhesive-de-32-mm-x-600-cm-pour-la-reparation-de-pvc-et-vinyles\/#breadcrumb"},"inLanguage":"fr-FR","potentialAction":[{"@type":"ReadAction","target":["https:\/\/nts-europe.eu\/fr\/shop\/tear-aid-type-b-bande-autoadhesive-de-32-mm-x-600-cm-pour-la-reparation-de-pvc-et-vinyles\/"]}]},{"@type":"ImageObject","inLanguage":"fr-FR","@id":"https:\/\/nts-europe.eu\/fr\/shop\/tear-aid-type-b-bande-autoadhesive-de-32-mm-x-600-cm-pour-la-reparation-de-pvc-et-vinyles\/#primaryimage","url":"https:\/\/nts-europe.eu\/wp-content\/uploads\/2024\/10\/Tear-Aid_Type_B_32_mm_part_roll.jpg","contentUrl":"https:\/\/nts-europe.eu\/wp-content\/uploads\/2024\/10\/Tear-Aid_Type_B_32_mm_part_roll.jpg","width":1200,"height":1200,"caption":"Tear-Aid Type B 32 mm - part roll"},{"@type":"BreadcrumbList","@id":"https:\/\/nts-europe.eu\/fr\/shop\/tear-aid-type-b-bande-autoadhesive-de-32-mm-x-600-cm-pour-la-reparation-de-pvc-et-vinyles\/#breadcrumb","itemListElement":[{"@type":"ListItem","position":1,"name":"Accueil","item":"https:\/\/nts-europe.eu\/fr\/nts-europe\/"},{"@type":"ListItem","position":2,"name":"Shop","item":"https:\/\/nts-europe.eu\/shop\/"},{"@type":"ListItem","position":3,"name":"Tear-Aid Type B bande autoadh\u00e9sive de 32 mm x 600 cm pour la r\u00e9paration de PVC et vinyles"}]},{"@type":"WebSite","@id":"https:\/\/nts-europe.eu\/#website","url":"https:\/\/nts-europe.eu\/","name":"NTS Europe","description":"Home of Tear-Aid, MistyStix, MistyBubbles and KlipSkis","publisher":{"@id":"https:\/\/nts-europe.eu\/#organization"},"potentialAction":[{"@type":"SearchAction","target":{"@type":"EntryPoint","urlTemplate":"https:\/\/nts-europe.eu\/?s={search_term_string}"},"query-input":{"@type":"PropertyValueSpecification","valueRequired":true,"valueName":"search_term_string"}}],"inLanguage":"fr-FR"},{"@type":"Organization","@id":"https:\/\/nts-europe.eu\/#organization","name":"NTS Europe","url":"https:\/\/nts-europe.eu\/","logo":{"@type":"ImageObject","inLanguage":"fr-FR","@id":"https:\/\/nts-europe.eu\/#\/schema\/logo\/image\/","url":"https:\/\/nts-europe.eu\/wp-content\/uploads\/2024\/08\/nts-logo-2012-transparent-retina-tight-1.png","contentUrl":"https:\/\/nts-europe.eu\/wp-content\/uploads\/2024\/08\/nts-logo-2012-transparent-retina-tight-1.png","width":1025,"height":690,"caption":"NTS Europe"},"image":{"@id":"https:\/\/nts-europe.eu\/#\/schema\/logo\/image\/"},"sameAs":["https:\/\/www.facebook.com\/ntseurope\/","https:\/\/x.com\/ntseurope"]}]}},"jetpack_sharing_enabled":true,"_links":{"self":[{"href":"https:\/\/nts-europe.eu\/fr\/wp-json\/wp\/v2\/product\/17004","targetHints":{"allow":["GET"]}}],"collection":[{"href":"https:\/\/nts-europe.eu\/fr\/wp-json\/wp\/v2\/product"}],"about":[{"href":"https:\/\/nts-europe.eu\/fr\/wp-json\/wp\/v2\/types\/product"}],"version-history":[{"count":0,"href":"https:\/\/nts-europe.eu\/fr\/wp-json\/wp\/v2\/product\/17004\/revisions"}],"wp:featuredmedia":[{"embeddable":true,"href":"https:\/\/nts-europe.eu\/fr\/wp-json\/wp\/v2\/media\/17199"}],"wp:attachment":[{"href":"https:\/\/nts-europe.eu\/fr\/wp-json\/wp\/v2\/media?parent=17004"}],"wp:term":[{"taxonomy":"product_brand","embeddable":true,"href":"https:\/\/nts-europe.eu\/fr\/wp-json\/wp\/v2\/product_brand?post=17004"},{"taxonomy":"product_cat","embeddable":true,"href":"https:\/\/nts-europe.eu\/fr\/wp-json\/wp\/v2\/product_cat?post=17004"},{"taxonomy":"product_tag","embeddable":true,"href":"https:\/\/nts-europe.eu\/fr\/wp-json\/wp\/v2\/product_tag?post=17004"}],"curies":[{"name":"wp","href":"https:\/\/api.w.org\/{rel}","templated":true}]}}