{"id":21357,"date":"2024-09-26T15:53:50","date_gmt":"2024-09-26T15:53:50","guid":{"rendered":"https:\/\/nts-europe.eu\/shop\/klipski-par-paire\/"},"modified":"2025-12-07T15:47:08","modified_gmt":"2025-12-07T15:47:08","slug":"klipski-par-paire","status":"publish","type":"product","link":"https:\/\/nts-europe.eu\/fr\/shop\/klipski-par-paire\/","title":{"rendered":"KlipSki &#8211; par paire"},"content":{"rendered":"<h3>Slip on, clip in, walk off!<\/h3>\n<p>Whether you&#8217;re a novice or a seasoned skiier, a parent or teacher or monitor looking for an easy solution to carrying multiple sets of skis and poles, KlipSkis are there to make everyone&#8217;s life easier!<\/p>\n<p style=\"font-size: 14px;\">Holding your skis back-to-back, slide the KlipSkis onto them, one just in front of the binding, the other just behind.<\/p>\n<p><img loading=\"lazy\" loading=\"lazy\" decoding=\"async\" src=\"\/wp-content\/uploads\/2024\/08\/klip_diag_color.png\" sizes=\"auto, (max-width: 169px) 100vw, 169px\" srcset=\"\/wp-content\/uploads\/2024\/08\/klip_diag_color.png 169w, \/wp-content\/uploads\/2024\/08\/klip_diag_color-1x1.png 1w, \/wp-content\/uploads\/2024\/08\/klip_diag_color-10x8.png 10w\" alt=\"Illustration showing how the poles clip into the KlipSki hooks\" width=\"169\" height=\"133\" \/><\/p>\n<p style=\"font-size: 14px;\">Next, firmly clip the poles into the KlipSkis hooks. For maximum stability,\u00a0 point one forward and the other backward, with the grips right up against the KlipSkis.<\/p>\n<h3>Make them your own!<\/h3>\n<p>Schools, clubs and resorts alike use KlipSkis to organise and pair up their skis and poles with their respective users. You can write on them too, so everyone knows which set of skis and poles belongs to who.<\/p>\n<h3>Make your mark!<\/h3>\n<p>Fed up with the usual pens, post-its and novelty keyrings that promotional gift companies churn out year on year? Looking for a novel corporate gift, promotional tool or something that stands out from the crowd? KlipSkis are the answer &#8211; useful, giftable, appealing &#8211; they tick every box.<\/p>\n","protected":false},"excerpt":{"rendered":"<p>Disponibles en 7 couleurs vibrantes, les KlipSkis, plusieurs fois prim\u00e9s, sont de loin le moyen le plus rapide et le plus simple de transporter vos skis et vos b\u00e2tons.<\/p>\n<p>Id\u00e9al pour les adultes comme pour les enfants, pour les d\u00e9butants comme pour les skieurs exp\u00e9riment\u00e9s. Convient \u00e0 la plupart des types de skis*, y compris les skis de descente et de fond. <\/p>\n<p><em>* Ne convient pas \u00e0 l&#8217;utilisation avec des fats. V\u00e9rifiez que la largeur de vos skis imm\u00e9diatement de chaque c\u00f4t\u00e9 des fixations est compatible avec la largeur maximale que les KlipSkis peuvent accueillir. <\/em><\/p>\n","protected":false},"featured_media":17590,"template":"","meta":[],"product_brand":[695],"product_cat":[595,508],"product_tag":[596,597,599,598],"class_list":{"0":"post-21357","1":"product","2":"type-product","3":"status-publish","4":"has-post-thumbnail","6":"product_brand-klipski-fr","7":"product_cat-klipski-fr","8":"product_cat-tous","9":"product_tag-klipski-fr","10":"product_tag-ski","11":"product_tag-sports-dhiver","12":"product_tag-sports-de-neige","13":"product_shipping_class-enveloppe","15":"first","16":"instock","17":"sale","18":"featured","19":"taxable","20":"shipping-taxable","21":"purchasable","22":"product-type-variable","23":"has-default-attributes"},"etheme_brands":{"errors":{"invalid_taxonomy":["Taxonomie non valide."]},"error_data":[]},"yoast_head":"<!-- This site is optimized with the Yoast SEO plugin v27.3 - https:\/\/yoast.com\/product\/yoast-seo-wordpress\/ -->\n<title>KlipSki - par paire - NTS Europe<\/title>\n<meta name=\"robots\" content=\"index, follow, max-snippet:-1, max-image-preview:large, max-video-preview:-1\" \/>\n<link rel=\"canonical\" href=\"https:\/\/nts-europe.eu\/fr\/shop\/klipski-par-paire\/\" \/>\n<meta property=\"og:locale\" content=\"fr_FR\" \/>\n<meta property=\"og:type\" content=\"article\" \/>\n<meta property=\"og:title\" content=\"KlipSki - par paire - NTS Europe\" \/>\n<meta property=\"og:description\" content=\"Disponibles en 7 couleurs vibrantes, les KlipSkis, plusieurs fois prim\u00e9s, sont de loin le moyen le plus rapide et le plus simple de transporter vos skis et vos b\u00e2tons. Id\u00e9al pour les adultes comme pour les enfants, pour les d\u00e9butants comme pour les skieurs exp\u00e9riment\u00e9s. Convient \u00e0 la plupart des types de skis*, y compris les skis de descente et de fond.  * Ne convient pas \u00e0 l&#039;utilisation avec des fats. V\u00e9rifiez que la largeur de vos skis imm\u00e9diatement de chaque c\u00f4t\u00e9 des fixations est compatible avec la largeur maximale que les KlipSkis peuvent accueillir.\" \/>\n<meta property=\"og:url\" content=\"https:\/\/nts-europe.eu\/fr\/shop\/klipski-par-paire\/\" \/>\n<meta property=\"og:site_name\" content=\"NTS Europe\" \/>\n<meta property=\"article:publisher\" content=\"https:\/\/www.facebook.com\/ntseurope\/\" \/>\n<meta property=\"article:modified_time\" content=\"2025-12-07T15:47:08+00:00\" \/>\n<meta property=\"og:image\" content=\"https:\/\/nts-europe.eu\/wp-content\/uploads\/2024\/08\/KlipSki-green-vert.jpg\" \/>\n\t<meta property=\"og:image:width\" content=\"1000\" \/>\n\t<meta property=\"og:image:height\" content=\"1000\" \/>\n\t<meta property=\"og:image:type\" content=\"image\/jpeg\" \/>\n<meta name=\"twitter:card\" content=\"summary_large_image\" \/>\n<meta name=\"twitter:site\" content=\"@ntseurope\" \/>\n<meta name=\"twitter:label1\" content=\"Dur\u00e9e de lecture estim\u00e9e\" \/>\n\t<meta name=\"twitter:data1\" content=\"1 minute\" \/>\n<script type=\"application\/ld+json\" class=\"yoast-schema-graph\">{\"@context\":\"https:\\\/\\\/schema.org\",\"@graph\":[{\"@type\":\"WebPage\",\"@id\":\"https:\\\/\\\/nts-europe.eu\\\/fr\\\/shop\\\/klipski-par-paire\\\/\",\"url\":\"https:\\\/\\\/nts-europe.eu\\\/fr\\\/shop\\\/klipski-par-paire\\\/\",\"name\":\"KlipSki - par paire - NTS Europe\",\"isPartOf\":{\"@id\":\"https:\\\/\\\/nts-europe.eu\\\/#website\"},\"primaryImageOfPage\":{\"@id\":\"https:\\\/\\\/nts-europe.eu\\\/fr\\\/shop\\\/klipski-par-paire\\\/#primaryimage\"},\"image\":{\"@id\":\"https:\\\/\\\/nts-europe.eu\\\/fr\\\/shop\\\/klipski-par-paire\\\/#primaryimage\"},\"thumbnailUrl\":\"https:\\\/\\\/nts-europe.eu\\\/wp-content\\\/uploads\\\/2024\\\/08\\\/KlipSki-green-vert.jpg\",\"datePublished\":\"2024-09-26T15:53:50+00:00\",\"dateModified\":\"2025-12-07T15:47:08+00:00\",\"breadcrumb\":{\"@id\":\"https:\\\/\\\/nts-europe.eu\\\/fr\\\/shop\\\/klipski-par-paire\\\/#breadcrumb\"},\"inLanguage\":\"fr-FR\",\"potentialAction\":[{\"@type\":\"ReadAction\",\"target\":[\"https:\\\/\\\/nts-europe.eu\\\/fr\\\/shop\\\/klipski-par-paire\\\/\"]}]},{\"@type\":\"ImageObject\",\"inLanguage\":\"fr-FR\",\"@id\":\"https:\\\/\\\/nts-europe.eu\\\/fr\\\/shop\\\/klipski-par-paire\\\/#primaryimage\",\"url\":\"https:\\\/\\\/nts-europe.eu\\\/wp-content\\\/uploads\\\/2024\\\/08\\\/KlipSki-green-vert.jpg\",\"contentUrl\":\"https:\\\/\\\/nts-europe.eu\\\/wp-content\\\/uploads\\\/2024\\\/08\\\/KlipSki-green-vert.jpg\",\"width\":1000,\"height\":1000,\"caption\":\"Paire de porte-skis et b\u00e2tons KlipSki verts\"},{\"@type\":\"BreadcrumbList\",\"@id\":\"https:\\\/\\\/nts-europe.eu\\\/fr\\\/shop\\\/klipski-par-paire\\\/#breadcrumb\",\"itemListElement\":[{\"@type\":\"ListItem\",\"position\":1,\"name\":\"Accueil\",\"item\":\"https:\\\/\\\/nts-europe.eu\\\/fr\\\/nts-europe\\\/\"},{\"@type\":\"ListItem\",\"position\":2,\"name\":\"Shop\",\"item\":\"https:\\\/\\\/nts-europe.eu\\\/shop\\\/\"},{\"@type\":\"ListItem\",\"position\":3,\"name\":\"KlipSki &#8211; par paire\"}]},{\"@type\":\"WebSite\",\"@id\":\"https:\\\/\\\/nts-europe.eu\\\/#website\",\"url\":\"https:\\\/\\\/nts-europe.eu\\\/\",\"name\":\"NTS Europe\",\"description\":\"Home of Tear-Aid, MistyStix, MistyBubbles and KlipSkis\",\"publisher\":{\"@id\":\"https:\\\/\\\/nts-europe.eu\\\/#organization\"},\"potentialAction\":[{\"@type\":\"SearchAction\",\"target\":{\"@type\":\"EntryPoint\",\"urlTemplate\":\"https:\\\/\\\/nts-europe.eu\\\/?s={search_term_string}\"},\"query-input\":{\"@type\":\"PropertyValueSpecification\",\"valueRequired\":true,\"valueName\":\"search_term_string\"}}],\"inLanguage\":\"fr-FR\"},{\"@type\":\"Organization\",\"@id\":\"https:\\\/\\\/nts-europe.eu\\\/#organization\",\"name\":\"NTS Europe\",\"url\":\"https:\\\/\\\/nts-europe.eu\\\/\",\"logo\":{\"@type\":\"ImageObject\",\"inLanguage\":\"fr-FR\",\"@id\":\"https:\\\/\\\/nts-europe.eu\\\/#\\\/schema\\\/logo\\\/image\\\/\",\"url\":\"https:\\\/\\\/nts-europe.eu\\\/wp-content\\\/uploads\\\/2024\\\/08\\\/nts-logo-2012-transparent-retina-tight-1.png\",\"contentUrl\":\"https:\\\/\\\/nts-europe.eu\\\/wp-content\\\/uploads\\\/2024\\\/08\\\/nts-logo-2012-transparent-retina-tight-1.png\",\"width\":1025,\"height\":690,\"caption\":\"NTS Europe\"},\"image\":{\"@id\":\"https:\\\/\\\/nts-europe.eu\\\/#\\\/schema\\\/logo\\\/image\\\/\"},\"sameAs\":[\"https:\\\/\\\/www.facebook.com\\\/ntseurope\\\/\",\"https:\\\/\\\/x.com\\\/ntseurope\"]}]}<\/script>\n<!-- \/ Yoast SEO plugin. -->","yoast_head_json":{"title":"KlipSki - par paire - NTS Europe","robots":{"index":"index","follow":"follow","max-snippet":"max-snippet:-1","max-image-preview":"max-image-preview:large","max-video-preview":"max-video-preview:-1"},"canonical":"https:\/\/nts-europe.eu\/fr\/shop\/klipski-par-paire\/","og_locale":"fr_FR","og_type":"article","og_title":"KlipSki - par paire - NTS Europe","og_description":"Disponibles en 7 couleurs vibrantes, les KlipSkis, plusieurs fois prim\u00e9s, sont de loin le moyen le plus rapide et le plus simple de transporter vos skis et vos b\u00e2tons. Id\u00e9al pour les adultes comme pour les enfants, pour les d\u00e9butants comme pour les skieurs exp\u00e9riment\u00e9s. Convient \u00e0 la plupart des types de skis*, y compris les skis de descente et de fond.  * Ne convient pas \u00e0 l'utilisation avec des fats. V\u00e9rifiez que la largeur de vos skis imm\u00e9diatement de chaque c\u00f4t\u00e9 des fixations est compatible avec la largeur maximale que les KlipSkis peuvent accueillir.","og_url":"https:\/\/nts-europe.eu\/fr\/shop\/klipski-par-paire\/","og_site_name":"NTS Europe","article_publisher":"https:\/\/www.facebook.com\/ntseurope\/","article_modified_time":"2025-12-07T15:47:08+00:00","og_image":[{"width":1000,"height":1000,"url":"https:\/\/nts-europe.eu\/wp-content\/uploads\/2024\/08\/KlipSki-green-vert.jpg","type":"image\/jpeg"}],"twitter_card":"summary_large_image","twitter_site":"@ntseurope","twitter_misc":{"Dur\u00e9e de lecture estim\u00e9e":"1 minute"},"schema":{"@context":"https:\/\/schema.org","@graph":[{"@type":"WebPage","@id":"https:\/\/nts-europe.eu\/fr\/shop\/klipski-par-paire\/","url":"https:\/\/nts-europe.eu\/fr\/shop\/klipski-par-paire\/","name":"KlipSki - par paire - NTS Europe","isPartOf":{"@id":"https:\/\/nts-europe.eu\/#website"},"primaryImageOfPage":{"@id":"https:\/\/nts-europe.eu\/fr\/shop\/klipski-par-paire\/#primaryimage"},"image":{"@id":"https:\/\/nts-europe.eu\/fr\/shop\/klipski-par-paire\/#primaryimage"},"thumbnailUrl":"https:\/\/nts-europe.eu\/wp-content\/uploads\/2024\/08\/KlipSki-green-vert.jpg","datePublished":"2024-09-26T15:53:50+00:00","dateModified":"2025-12-07T15:47:08+00:00","breadcrumb":{"@id":"https:\/\/nts-europe.eu\/fr\/shop\/klipski-par-paire\/#breadcrumb"},"inLanguage":"fr-FR","potentialAction":[{"@type":"ReadAction","target":["https:\/\/nts-europe.eu\/fr\/shop\/klipski-par-paire\/"]}]},{"@type":"ImageObject","inLanguage":"fr-FR","@id":"https:\/\/nts-europe.eu\/fr\/shop\/klipski-par-paire\/#primaryimage","url":"https:\/\/nts-europe.eu\/wp-content\/uploads\/2024\/08\/KlipSki-green-vert.jpg","contentUrl":"https:\/\/nts-europe.eu\/wp-content\/uploads\/2024\/08\/KlipSki-green-vert.jpg","width":1000,"height":1000,"caption":"Paire de porte-skis et b\u00e2tons KlipSki verts"},{"@type":"BreadcrumbList","@id":"https:\/\/nts-europe.eu\/fr\/shop\/klipski-par-paire\/#breadcrumb","itemListElement":[{"@type":"ListItem","position":1,"name":"Accueil","item":"https:\/\/nts-europe.eu\/fr\/nts-europe\/"},{"@type":"ListItem","position":2,"name":"Shop","item":"https:\/\/nts-europe.eu\/shop\/"},{"@type":"ListItem","position":3,"name":"KlipSki &#8211; par paire"}]},{"@type":"WebSite","@id":"https:\/\/nts-europe.eu\/#website","url":"https:\/\/nts-europe.eu\/","name":"NTS Europe","description":"Home of Tear-Aid, MistyStix, MistyBubbles and KlipSkis","publisher":{"@id":"https:\/\/nts-europe.eu\/#organization"},"potentialAction":[{"@type":"SearchAction","target":{"@type":"EntryPoint","urlTemplate":"https:\/\/nts-europe.eu\/?s={search_term_string}"},"query-input":{"@type":"PropertyValueSpecification","valueRequired":true,"valueName":"search_term_string"}}],"inLanguage":"fr-FR"},{"@type":"Organization","@id":"https:\/\/nts-europe.eu\/#organization","name":"NTS Europe","url":"https:\/\/nts-europe.eu\/","logo":{"@type":"ImageObject","inLanguage":"fr-FR","@id":"https:\/\/nts-europe.eu\/#\/schema\/logo\/image\/","url":"https:\/\/nts-europe.eu\/wp-content\/uploads\/2024\/08\/nts-logo-2012-transparent-retina-tight-1.png","contentUrl":"https:\/\/nts-europe.eu\/wp-content\/uploads\/2024\/08\/nts-logo-2012-transparent-retina-tight-1.png","width":1025,"height":690,"caption":"NTS Europe"},"image":{"@id":"https:\/\/nts-europe.eu\/#\/schema\/logo\/image\/"},"sameAs":["https:\/\/www.facebook.com\/ntseurope\/","https:\/\/x.com\/ntseurope"]}]}},"jetpack_sharing_enabled":true,"_links":{"self":[{"href":"https:\/\/nts-europe.eu\/fr\/wp-json\/wp\/v2\/product\/21357","targetHints":{"allow":["GET"]}}],"collection":[{"href":"https:\/\/nts-europe.eu\/fr\/wp-json\/wp\/v2\/product"}],"about":[{"href":"https:\/\/nts-europe.eu\/fr\/wp-json\/wp\/v2\/types\/product"}],"version-history":[{"count":0,"href":"https:\/\/nts-europe.eu\/fr\/wp-json\/wp\/v2\/product\/21357\/revisions"}],"wp:featuredmedia":[{"embeddable":true,"href":"https:\/\/nts-europe.eu\/fr\/wp-json\/wp\/v2\/media\/17590"}],"wp:attachment":[{"href":"https:\/\/nts-europe.eu\/fr\/wp-json\/wp\/v2\/media?parent=21357"}],"wp:term":[{"taxonomy":"product_brand","embeddable":true,"href":"https:\/\/nts-europe.eu\/fr\/wp-json\/wp\/v2\/product_brand?post=21357"},{"taxonomy":"product_cat","embeddable":true,"href":"https:\/\/nts-europe.eu\/fr\/wp-json\/wp\/v2\/product_cat?post=21357"},{"taxonomy":"product_tag","embeddable":true,"href":"https:\/\/nts-europe.eu\/fr\/wp-json\/wp\/v2\/product_tag?post=21357"}],"curies":[{"name":"wp","href":"https:\/\/api.w.org\/{rel}","templated":true}]}}