{"id":22543,"date":"2025-04-22T12:00:16","date_gmt":"2025-04-22T12:00:16","guid":{"rendered":"https:\/\/nts-europe.eu\/shop\/repellem-sacs-a-dechets-de-jardin-de-grande-capacite-125-litres-parfumes-avec-un-repulsif-antiparasitaire\/"},"modified":"2025-04-22T12:00:16","modified_gmt":"2025-04-22T12:00:16","slug":"repellem-sacs-a-dechets-de-jardin-de-grande-capacite-125-litres-parfumes-avec-un-repulsif-antiparasitaire","status":"publish","type":"product","link":"https:\/\/nts-europe.eu\/fr\/shop\/repellem-sacs-a-dechets-de-jardin-de-grande-capacite-125-litres-parfumes-avec-un-repulsif-antiparasitaire\/","title":{"rendered":"Repellem sacs \u00e0 d\u00e9chets de jardin de grande capacit\u00e9, 125 litres, parfum\u00e9s avec un r\u00e9pulsif antiparasitaire"},"content":{"rendered":"<p>Sacs \u00e0 d\u00e9chets en plastique parfum\u00e9s pour prot\u00e9ger les aliments et les d\u00e9chets organiques des mouches, fourmis et autres insectes, ainsi que des souris, mouettes et renards, sans oublier les rats et toutes sortes de vermines similaires.<\/p>\n<p>Les sacs recyclables Repellem int\u00e8grent un m\u00e9lange minutieux d&#8217;essences naturelles connues pour leur capacit\u00e9 \u00e0 repousser les insectes, les oiseaux, les reptiles et les mammif\u00e8res. Ils sont fabriqu\u00e9s \u00e0 partir d&#8217;un vinyle rouge transparent robuste, ce qui permet aux agents sanitaires de s&#8217;assurer que le contenu est conforme aux r\u00e8glements locaux. <\/p>\n<p>Les sacs sont facilement recyclables et leur utilisation est totalement s\u00fbre, car ils ne contiennent ni biocides ni toxines chimiques d&#8217;aucune sorte. Ils ne sont toutefois pas compostables ou biod\u00e9gradables. <\/p>\n<p>Il est \u00e9galement id\u00e9al pour stocker des articles m\u00e9nagers, hiverner des v\u00eatements d&#8217;\u00e9t\u00e9 ou garder votre \u00e9quipement d&#8217;hiver frais et en s\u00e9curit\u00e9 pendant les mois d&#8217;\u00e9t\u00e9.<\/p>\n","protected":false},"excerpt":{"rendered":"<p>Des sacs poubelles agr\u00e9ablement parfum\u00e9s pour emp\u00eacher les nuisibles en tout genre de s&#8217;attaquer au contenu de vos d\u00e9chets de cuisine.<\/p>\n<p>Ces sacs de grande capacit\u00e9 et tr\u00e8s r\u00e9sistants conviennent \u00e0 la collecte et \u00e0 l&#8217;\u00e9limination ult\u00e9rieure des d\u00e9chets de jardin. Capacit\u00e9 125 litres<br \/>\nPour les grandes poubelles \u00e0 p\u00e9dale, optez pour les sacs poubelles de 100 litres.<br \/>\nPour les plus gros travaux, choisissez nos Super Sacks. <\/p>\n","protected":false},"featured_media":23666,"template":"","meta":[],"product_brand":[691],"product_cat":[573,508],"product_tag":[579,575,576,577,578],"class_list":{"0":"post-22543","1":"product","2":"type-product","3":"status-publish","4":"has-post-thumbnail","6":"product_brand-repellem-fr","7":"product_cat-repellem-fr","8":"product_cat-tous","9":"product_tag-recyclable-fr","10":"product_tag-repellem-fr","11":"product_tag-repulsif","12":"product_tag-sacs","13":"product_tag-sacs-fr","14":"product_shipping_class-petits-paquets","16":"first","17":"instock","18":"taxable","19":"shipping-taxable","20":"purchasable","21":"product-type-simple"},"etheme_brands":{"errors":{"invalid_taxonomy":["Taxonomie non valide."]},"error_data":[]},"yoast_head":"<!-- This site is optimized with the Yoast SEO plugin v27.4 - https:\/\/yoast.com\/product\/yoast-seo-wordpress\/ -->\n<title>Repellem sacs \u00e0 d\u00e9chets de jardin de grande capacit\u00e9, 125 litres, parfum\u00e9s avec un r\u00e9pulsif antiparasitaire - NTS Europe<\/title>\n<meta name=\"description\" content=\"Les sacs \u00e0 d\u00e9chets de jardin Repellem de 125 litres aident \u00e0 tenir les nuisibles \u00e0 distance jusqu&#039;\u00e0 ce qu&#039;il soit temps de mettre vos d\u00e9chets \u00e0 la d\u00e9charge !\" \/>\n<meta name=\"robots\" content=\"index, follow, max-snippet:-1, max-image-preview:large, max-video-preview:-1\" \/>\n<link rel=\"canonical\" href=\"https:\/\/nts-europe.eu\/fr\/shop\/repellem-sacs-a-dechets-de-jardin-de-grande-capacite-125-litres-parfumes-avec-un-repulsif-antiparasitaire\/\" \/>\n<meta property=\"og:locale\" content=\"fr_FR\" \/>\n<meta property=\"og:type\" content=\"article\" \/>\n<meta property=\"og:title\" content=\"Repellem sacs \u00e0 d\u00e9chets de jardin de grande capacit\u00e9, 125 litres, parfum\u00e9s avec un r\u00e9pulsif antiparasitaire - NTS Europe\" \/>\n<meta property=\"og:description\" content=\"Les sacs \u00e0 d\u00e9chets de jardin Repellem de 125 litres aident \u00e0 tenir les nuisibles \u00e0 distance jusqu&#039;\u00e0 ce qu&#039;il soit temps de mettre vos d\u00e9chets \u00e0 la d\u00e9charge !\" \/>\n<meta property=\"og:url\" content=\"https:\/\/nts-europe.eu\/fr\/shop\/repellem-sacs-a-dechets-de-jardin-de-grande-capacite-125-litres-parfumes-avec-un-repulsif-antiparasitaire\/\" \/>\n<meta property=\"og:site_name\" content=\"NTS Europe\" \/>\n<meta property=\"article:publisher\" content=\"https:\/\/www.facebook.com\/ntseurope\/\" \/>\n<meta property=\"og:image\" content=\"https:\/\/nts-europe.eu\/wp-content\/uploads\/2025\/06\/Repellem-125-Ultra-Resistant-5.png\" \/>\n\t<meta property=\"og:image:width\" content=\"597\" \/>\n\t<meta property=\"og:image:height\" content=\"400\" \/>\n\t<meta property=\"og:image:type\" content=\"image\/png\" \/>\n<meta name=\"twitter:card\" content=\"summary_large_image\" \/>\n<meta name=\"twitter:site\" content=\"@ntseurope\" \/>\n<meta name=\"twitter:label1\" content=\"Dur\u00e9e de lecture estim\u00e9e\" \/>\n\t<meta name=\"twitter:data1\" content=\"1 minute\" \/>\n<script type=\"application\/ld+json\" class=\"yoast-schema-graph\">{\"@context\":\"https:\\\/\\\/schema.org\",\"@graph\":[{\"@type\":\"WebPage\",\"@id\":\"https:\\\/\\\/nts-europe.eu\\\/fr\\\/shop\\\/repellem-sacs-a-dechets-de-jardin-de-grande-capacite-125-litres-parfumes-avec-un-repulsif-antiparasitaire\\\/\",\"url\":\"https:\\\/\\\/nts-europe.eu\\\/fr\\\/shop\\\/repellem-sacs-a-dechets-de-jardin-de-grande-capacite-125-litres-parfumes-avec-un-repulsif-antiparasitaire\\\/\",\"name\":\"Repellem sacs \u00e0 d\u00e9chets de jardin de grande capacit\u00e9, 125 litres, parfum\u00e9s avec un r\u00e9pulsif antiparasitaire - NTS Europe\",\"isPartOf\":{\"@id\":\"https:\\\/\\\/nts-europe.eu\\\/#website\"},\"primaryImageOfPage\":{\"@id\":\"https:\\\/\\\/nts-europe.eu\\\/fr\\\/shop\\\/repellem-sacs-a-dechets-de-jardin-de-grande-capacite-125-litres-parfumes-avec-un-repulsif-antiparasitaire\\\/#primaryimage\"},\"image\":{\"@id\":\"https:\\\/\\\/nts-europe.eu\\\/fr\\\/shop\\\/repellem-sacs-a-dechets-de-jardin-de-grande-capacite-125-litres-parfumes-avec-un-repulsif-antiparasitaire\\\/#primaryimage\"},\"thumbnailUrl\":\"https:\\\/\\\/nts-europe.eu\\\/wp-content\\\/uploads\\\/2025\\\/07\\\/Repellem-125-Ultra-Resistant-5.png\",\"datePublished\":\"2025-04-22T12:00:16+00:00\",\"description\":\"Les sacs \u00e0 d\u00e9chets de jardin Repellem de 125 litres aident \u00e0 tenir les nuisibles \u00e0 distance jusqu'\u00e0 ce qu'il soit temps de mettre vos d\u00e9chets \u00e0 la d\u00e9charge !\",\"breadcrumb\":{\"@id\":\"https:\\\/\\\/nts-europe.eu\\\/fr\\\/shop\\\/repellem-sacs-a-dechets-de-jardin-de-grande-capacite-125-litres-parfumes-avec-un-repulsif-antiparasitaire\\\/#breadcrumb\"},\"inLanguage\":\"fr-FR\",\"potentialAction\":[{\"@type\":\"ReadAction\",\"target\":[\"https:\\\/\\\/nts-europe.eu\\\/fr\\\/shop\\\/repellem-sacs-a-dechets-de-jardin-de-grande-capacite-125-litres-parfumes-avec-un-repulsif-antiparasitaire\\\/\"]}]},{\"@type\":\"ImageObject\",\"inLanguage\":\"fr-FR\",\"@id\":\"https:\\\/\\\/nts-europe.eu\\\/fr\\\/shop\\\/repellem-sacs-a-dechets-de-jardin-de-grande-capacite-125-litres-parfumes-avec-un-repulsif-antiparasitaire\\\/#primaryimage\",\"url\":\"https:\\\/\\\/nts-europe.eu\\\/wp-content\\\/uploads\\\/2025\\\/07\\\/Repellem-125-Ultra-Resistant-5.png\",\"contentUrl\":\"https:\\\/\\\/nts-europe.eu\\\/wp-content\\\/uploads\\\/2025\\\/07\\\/Repellem-125-Ultra-Resistant-5.png\",\"width\":1000,\"height\":1000,\"caption\":\"Repellem sacs r\u00e9pulsifs et ultra-r\u00e9sistants - 125 l\"},{\"@type\":\"BreadcrumbList\",\"@id\":\"https:\\\/\\\/nts-europe.eu\\\/fr\\\/shop\\\/repellem-sacs-a-dechets-de-jardin-de-grande-capacite-125-litres-parfumes-avec-un-repulsif-antiparasitaire\\\/#breadcrumb\",\"itemListElement\":[{\"@type\":\"ListItem\",\"position\":1,\"name\":\"Accueil\",\"item\":\"https:\\\/\\\/nts-europe.eu\\\/fr\\\/nts-europe\\\/\"},{\"@type\":\"ListItem\",\"position\":2,\"name\":\"Shop\",\"item\":\"https:\\\/\\\/nts-europe.eu\\\/shop\\\/\"},{\"@type\":\"ListItem\",\"position\":3,\"name\":\"Repellem sacs \u00e0 d\u00e9chets de jardin de grande capacit\u00e9, 125 litres, parfum\u00e9s avec un r\u00e9pulsif antiparasitaire\"}]},{\"@type\":\"WebSite\",\"@id\":\"https:\\\/\\\/nts-europe.eu\\\/#website\",\"url\":\"https:\\\/\\\/nts-europe.eu\\\/\",\"name\":\"NTS Europe\",\"description\":\"Home of Tear-Aid, MistyStix, MistyBubbles and KlipSkis\",\"publisher\":{\"@id\":\"https:\\\/\\\/nts-europe.eu\\\/#organization\"},\"potentialAction\":[{\"@type\":\"SearchAction\",\"target\":{\"@type\":\"EntryPoint\",\"urlTemplate\":\"https:\\\/\\\/nts-europe.eu\\\/?s={search_term_string}\"},\"query-input\":{\"@type\":\"PropertyValueSpecification\",\"valueRequired\":true,\"valueName\":\"search_term_string\"}}],\"inLanguage\":\"fr-FR\"},{\"@type\":\"Organization\",\"@id\":\"https:\\\/\\\/nts-europe.eu\\\/#organization\",\"name\":\"NTS Europe\",\"url\":\"https:\\\/\\\/nts-europe.eu\\\/\",\"logo\":{\"@type\":\"ImageObject\",\"inLanguage\":\"fr-FR\",\"@id\":\"https:\\\/\\\/nts-europe.eu\\\/#\\\/schema\\\/logo\\\/image\\\/\",\"url\":\"https:\\\/\\\/nts-europe.eu\\\/wp-content\\\/uploads\\\/2024\\\/08\\\/nts-logo-2012-transparent-retina-tight-1.png\",\"contentUrl\":\"https:\\\/\\\/nts-europe.eu\\\/wp-content\\\/uploads\\\/2024\\\/08\\\/nts-logo-2012-transparent-retina-tight-1.png\",\"width\":1025,\"height\":690,\"caption\":\"NTS Europe\"},\"image\":{\"@id\":\"https:\\\/\\\/nts-europe.eu\\\/#\\\/schema\\\/logo\\\/image\\\/\"},\"sameAs\":[\"https:\\\/\\\/www.facebook.com\\\/ntseurope\\\/\",\"https:\\\/\\\/x.com\\\/ntseurope\"]}]}<\/script>\n<!-- \/ Yoast SEO plugin. -->","yoast_head_json":{"title":"Repellem sacs \u00e0 d\u00e9chets de jardin de grande capacit\u00e9, 125 litres, parfum\u00e9s avec un r\u00e9pulsif antiparasitaire - NTS Europe","description":"Les sacs \u00e0 d\u00e9chets de jardin Repellem de 125 litres aident \u00e0 tenir les nuisibles \u00e0 distance jusqu'\u00e0 ce qu'il soit temps de mettre vos d\u00e9chets \u00e0 la d\u00e9charge !","robots":{"index":"index","follow":"follow","max-snippet":"max-snippet:-1","max-image-preview":"max-image-preview:large","max-video-preview":"max-video-preview:-1"},"canonical":"https:\/\/nts-europe.eu\/fr\/shop\/repellem-sacs-a-dechets-de-jardin-de-grande-capacite-125-litres-parfumes-avec-un-repulsif-antiparasitaire\/","og_locale":"fr_FR","og_type":"article","og_title":"Repellem sacs \u00e0 d\u00e9chets de jardin de grande capacit\u00e9, 125 litres, parfum\u00e9s avec un r\u00e9pulsif antiparasitaire - NTS Europe","og_description":"Les sacs \u00e0 d\u00e9chets de jardin Repellem de 125 litres aident \u00e0 tenir les nuisibles \u00e0 distance jusqu'\u00e0 ce qu'il soit temps de mettre vos d\u00e9chets \u00e0 la d\u00e9charge !","og_url":"https:\/\/nts-europe.eu\/fr\/shop\/repellem-sacs-a-dechets-de-jardin-de-grande-capacite-125-litres-parfumes-avec-un-repulsif-antiparasitaire\/","og_site_name":"NTS Europe","article_publisher":"https:\/\/www.facebook.com\/ntseurope\/","og_image":[{"width":597,"height":400,"url":"https:\/\/nts-europe.eu\/wp-content\/uploads\/2025\/06\/Repellem-125-Ultra-Resistant-5.png","type":"image\/png"}],"twitter_card":"summary_large_image","twitter_site":"@ntseurope","twitter_misc":{"Dur\u00e9e de lecture estim\u00e9e":"1 minute"},"schema":{"@context":"https:\/\/schema.org","@graph":[{"@type":"WebPage","@id":"https:\/\/nts-europe.eu\/fr\/shop\/repellem-sacs-a-dechets-de-jardin-de-grande-capacite-125-litres-parfumes-avec-un-repulsif-antiparasitaire\/","url":"https:\/\/nts-europe.eu\/fr\/shop\/repellem-sacs-a-dechets-de-jardin-de-grande-capacite-125-litres-parfumes-avec-un-repulsif-antiparasitaire\/","name":"Repellem sacs \u00e0 d\u00e9chets de jardin de grande capacit\u00e9, 125 litres, parfum\u00e9s avec un r\u00e9pulsif antiparasitaire - NTS Europe","isPartOf":{"@id":"https:\/\/nts-europe.eu\/#website"},"primaryImageOfPage":{"@id":"https:\/\/nts-europe.eu\/fr\/shop\/repellem-sacs-a-dechets-de-jardin-de-grande-capacite-125-litres-parfumes-avec-un-repulsif-antiparasitaire\/#primaryimage"},"image":{"@id":"https:\/\/nts-europe.eu\/fr\/shop\/repellem-sacs-a-dechets-de-jardin-de-grande-capacite-125-litres-parfumes-avec-un-repulsif-antiparasitaire\/#primaryimage"},"thumbnailUrl":"https:\/\/nts-europe.eu\/wp-content\/uploads\/2025\/07\/Repellem-125-Ultra-Resistant-5.png","datePublished":"2025-04-22T12:00:16+00:00","description":"Les sacs \u00e0 d\u00e9chets de jardin Repellem de 125 litres aident \u00e0 tenir les nuisibles \u00e0 distance jusqu'\u00e0 ce qu'il soit temps de mettre vos d\u00e9chets \u00e0 la d\u00e9charge !","breadcrumb":{"@id":"https:\/\/nts-europe.eu\/fr\/shop\/repellem-sacs-a-dechets-de-jardin-de-grande-capacite-125-litres-parfumes-avec-un-repulsif-antiparasitaire\/#breadcrumb"},"inLanguage":"fr-FR","potentialAction":[{"@type":"ReadAction","target":["https:\/\/nts-europe.eu\/fr\/shop\/repellem-sacs-a-dechets-de-jardin-de-grande-capacite-125-litres-parfumes-avec-un-repulsif-antiparasitaire\/"]}]},{"@type":"ImageObject","inLanguage":"fr-FR","@id":"https:\/\/nts-europe.eu\/fr\/shop\/repellem-sacs-a-dechets-de-jardin-de-grande-capacite-125-litres-parfumes-avec-un-repulsif-antiparasitaire\/#primaryimage","url":"https:\/\/nts-europe.eu\/wp-content\/uploads\/2025\/07\/Repellem-125-Ultra-Resistant-5.png","contentUrl":"https:\/\/nts-europe.eu\/wp-content\/uploads\/2025\/07\/Repellem-125-Ultra-Resistant-5.png","width":1000,"height":1000,"caption":"Repellem sacs r\u00e9pulsifs et ultra-r\u00e9sistants - 125 l"},{"@type":"BreadcrumbList","@id":"https:\/\/nts-europe.eu\/fr\/shop\/repellem-sacs-a-dechets-de-jardin-de-grande-capacite-125-litres-parfumes-avec-un-repulsif-antiparasitaire\/#breadcrumb","itemListElement":[{"@type":"ListItem","position":1,"name":"Accueil","item":"https:\/\/nts-europe.eu\/fr\/nts-europe\/"},{"@type":"ListItem","position":2,"name":"Shop","item":"https:\/\/nts-europe.eu\/shop\/"},{"@type":"ListItem","position":3,"name":"Repellem sacs \u00e0 d\u00e9chets de jardin de grande capacit\u00e9, 125 litres, parfum\u00e9s avec un r\u00e9pulsif antiparasitaire"}]},{"@type":"WebSite","@id":"https:\/\/nts-europe.eu\/#website","url":"https:\/\/nts-europe.eu\/","name":"NTS Europe","description":"Home of Tear-Aid, MistyStix, MistyBubbles and KlipSkis","publisher":{"@id":"https:\/\/nts-europe.eu\/#organization"},"potentialAction":[{"@type":"SearchAction","target":{"@type":"EntryPoint","urlTemplate":"https:\/\/nts-europe.eu\/?s={search_term_string}"},"query-input":{"@type":"PropertyValueSpecification","valueRequired":true,"valueName":"search_term_string"}}],"inLanguage":"fr-FR"},{"@type":"Organization","@id":"https:\/\/nts-europe.eu\/#organization","name":"NTS Europe","url":"https:\/\/nts-europe.eu\/","logo":{"@type":"ImageObject","inLanguage":"fr-FR","@id":"https:\/\/nts-europe.eu\/#\/schema\/logo\/image\/","url":"https:\/\/nts-europe.eu\/wp-content\/uploads\/2024\/08\/nts-logo-2012-transparent-retina-tight-1.png","contentUrl":"https:\/\/nts-europe.eu\/wp-content\/uploads\/2024\/08\/nts-logo-2012-transparent-retina-tight-1.png","width":1025,"height":690,"caption":"NTS Europe"},"image":{"@id":"https:\/\/nts-europe.eu\/#\/schema\/logo\/image\/"},"sameAs":["https:\/\/www.facebook.com\/ntseurope\/","https:\/\/x.com\/ntseurope"]}]}},"jetpack_sharing_enabled":true,"_links":{"self":[{"href":"https:\/\/nts-europe.eu\/fr\/wp-json\/wp\/v2\/product\/22543","targetHints":{"allow":["GET"]}}],"collection":[{"href":"https:\/\/nts-europe.eu\/fr\/wp-json\/wp\/v2\/product"}],"about":[{"href":"https:\/\/nts-europe.eu\/fr\/wp-json\/wp\/v2\/types\/product"}],"version-history":[{"count":0,"href":"https:\/\/nts-europe.eu\/fr\/wp-json\/wp\/v2\/product\/22543\/revisions"}],"wp:featuredmedia":[{"embeddable":true,"href":"https:\/\/nts-europe.eu\/fr\/wp-json\/wp\/v2\/media\/23666"}],"wp:attachment":[{"href":"https:\/\/nts-europe.eu\/fr\/wp-json\/wp\/v2\/media?parent=22543"}],"wp:term":[{"taxonomy":"product_brand","embeddable":true,"href":"https:\/\/nts-europe.eu\/fr\/wp-json\/wp\/v2\/product_brand?post=22543"},{"taxonomy":"product_cat","embeddable":true,"href":"https:\/\/nts-europe.eu\/fr\/wp-json\/wp\/v2\/product_cat?post=22543"},{"taxonomy":"product_tag","embeddable":true,"href":"https:\/\/nts-europe.eu\/fr\/wp-json\/wp\/v2\/product_tag?post=22543"}],"curies":[{"name":"wp","href":"https:\/\/api.w.org\/{rel}","templated":true}]}}