{"id":24306,"date":"2024-09-26T15:54:14","date_gmt":"2024-09-26T15:54:14","guid":{"rendered":"https:\/\/nts-europe.eu\/shop\/paquet-de-12-patchs-tear-aid-type-a-mesurant-35-mm-x-35-mm\/"},"modified":"2024-09-26T15:54:14","modified_gmt":"2024-09-26T15:54:14","slug":"paquet-de-12-patchs-tear-aid-type-a-mesurant-35-mm-x-35-mm","status":"publish","type":"product","link":"https:\/\/nts-europe.eu\/fr\/shop\/paquet-de-12-patchs-tear-aid-type-a-mesurant-35-mm-x-35-mm\/","title":{"rendered":"Paquet de 12 patchs Tear-Aid\u00ae Type A mesurant 35 mm x 35 mm"},"content":{"rendered":"<p>Paquet pratique de six petits patchs de type B pour r\u00e9parer rapidement et durablement les trous d&#8217;\u00e9pingle et les petites perforations dans les articles en PVC et en vinyle qui doivent \u00eatre totalement \u00e9tanches \u00e0 l&#8217;air ou \u00e0 l&#8217;eau.<\/p>\n","protected":false},"excerpt":{"rendered":"<p>Six petits (22 mm\u00b2) patchs de r\u00e9paration autocollants en vinyle et PVC de type B<\/p>\n","protected":false},"featured_media":0,"template":"","meta":[],"product_brand":[461],"product_cat":[820,821,508,822],"product_tag":[],"class_list":{"0":"post-24306","1":"product","2":"type-product","3":"status-publish","5":"product_brand-tear-aid","6":"product_cat-lessentiel","7":"product_cat-les-ecussons","8":"product_cat-tous","9":"product_cat-type-a","10":"product_shipping_class-enveloppe","11":"pa_length-22-mm","12":"pa_width-22-mm","14":"first","15":"instock","16":"taxable","17":"shipping-taxable","18":"purchasable","19":"product-type-simple"},"etheme_brands":{"errors":{"invalid_taxonomy":["Taxonomie non valide."]},"error_data":[]},"yoast_head":"<!-- This site is optimized with the Yoast SEO plugin v27.3 - https:\/\/yoast.com\/product\/yoast-seo-wordpress\/ -->\n<title>Paquet de 12 patchs Tear-Aid\u00ae Type A mesurant 35 mm x 35 mm - NTS Europe<\/title>\n<meta name=\"robots\" content=\"index, follow, max-snippet:-1, max-image-preview:large, max-video-preview:-1\" \/>\n<link rel=\"canonical\" href=\"https:\/\/nts-europe.eu\/fr\/shop\/paquet-de-12-patchs-tear-aid-type-a-mesurant-35-mm-x-35-mm\/\" \/>\n<meta property=\"og:locale\" content=\"fr_FR\" \/>\n<meta property=\"og:type\" content=\"article\" \/>\n<meta property=\"og:title\" content=\"Paquet de 12 patchs Tear-Aid\u00ae Type A mesurant 35 mm x 35 mm - NTS Europe\" \/>\n<meta property=\"og:description\" content=\"Six petits (22 mm\u00b2) patchs de r\u00e9paration autocollants en vinyle et PVC de type B\" \/>\n<meta property=\"og:url\" content=\"https:\/\/nts-europe.eu\/fr\/shop\/paquet-de-12-patchs-tear-aid-type-a-mesurant-35-mm-x-35-mm\/\" \/>\n<meta property=\"og:site_name\" content=\"NTS Europe\" \/>\n<meta property=\"article:publisher\" content=\"https:\/\/www.facebook.com\/ntseurope\/\" \/>\n<meta name=\"twitter:card\" content=\"summary_large_image\" \/>\n<meta name=\"twitter:site\" content=\"@ntseurope\" \/>\n<script type=\"application\/ld+json\" class=\"yoast-schema-graph\">{\"@context\":\"https:\\\/\\\/schema.org\",\"@graph\":[{\"@type\":\"WebPage\",\"@id\":\"https:\\\/\\\/nts-europe.eu\\\/fr\\\/shop\\\/paquet-de-12-patchs-tear-aid-type-a-mesurant-35-mm-x-35-mm\\\/\",\"url\":\"https:\\\/\\\/nts-europe.eu\\\/fr\\\/shop\\\/paquet-de-12-patchs-tear-aid-type-a-mesurant-35-mm-x-35-mm\\\/\",\"name\":\"Paquet de 12 patchs Tear-Aid\u00ae Type A mesurant 35 mm x 35 mm - NTS Europe\",\"isPartOf\":{\"@id\":\"https:\\\/\\\/nts-europe.eu\\\/#website\"},\"datePublished\":\"2024-09-26T15:54:14+00:00\",\"breadcrumb\":{\"@id\":\"https:\\\/\\\/nts-europe.eu\\\/fr\\\/shop\\\/paquet-de-12-patchs-tear-aid-type-a-mesurant-35-mm-x-35-mm\\\/#breadcrumb\"},\"inLanguage\":\"fr-FR\",\"potentialAction\":[{\"@type\":\"ReadAction\",\"target\":[\"https:\\\/\\\/nts-europe.eu\\\/fr\\\/shop\\\/paquet-de-12-patchs-tear-aid-type-a-mesurant-35-mm-x-35-mm\\\/\"]}]},{\"@type\":\"BreadcrumbList\",\"@id\":\"https:\\\/\\\/nts-europe.eu\\\/fr\\\/shop\\\/paquet-de-12-patchs-tear-aid-type-a-mesurant-35-mm-x-35-mm\\\/#breadcrumb\",\"itemListElement\":[{\"@type\":\"ListItem\",\"position\":1,\"name\":\"Accueil\",\"item\":\"https:\\\/\\\/nts-europe.eu\\\/fr\\\/nts-europe\\\/\"},{\"@type\":\"ListItem\",\"position\":2,\"name\":\"Shop\",\"item\":\"https:\\\/\\\/nts-europe.eu\\\/shop\\\/\"},{\"@type\":\"ListItem\",\"position\":3,\"name\":\"Paquet de 12 patchs Tear-Aid\u00ae Type A mesurant 35 mm x 35 mm\"}]},{\"@type\":\"WebSite\",\"@id\":\"https:\\\/\\\/nts-europe.eu\\\/#website\",\"url\":\"https:\\\/\\\/nts-europe.eu\\\/\",\"name\":\"NTS Europe\",\"description\":\"Home of Tear-Aid, MistyStix, MistyBubbles and KlipSkis\",\"publisher\":{\"@id\":\"https:\\\/\\\/nts-europe.eu\\\/#organization\"},\"potentialAction\":[{\"@type\":\"SearchAction\",\"target\":{\"@type\":\"EntryPoint\",\"urlTemplate\":\"https:\\\/\\\/nts-europe.eu\\\/?s={search_term_string}\"},\"query-input\":{\"@type\":\"PropertyValueSpecification\",\"valueRequired\":true,\"valueName\":\"search_term_string\"}}],\"inLanguage\":\"fr-FR\"},{\"@type\":\"Organization\",\"@id\":\"https:\\\/\\\/nts-europe.eu\\\/#organization\",\"name\":\"NTS Europe\",\"url\":\"https:\\\/\\\/nts-europe.eu\\\/\",\"logo\":{\"@type\":\"ImageObject\",\"inLanguage\":\"fr-FR\",\"@id\":\"https:\\\/\\\/nts-europe.eu\\\/#\\\/schema\\\/logo\\\/image\\\/\",\"url\":\"https:\\\/\\\/nts-europe.eu\\\/wp-content\\\/uploads\\\/2024\\\/08\\\/nts-logo-2012-transparent-retina-tight-1.png\",\"contentUrl\":\"https:\\\/\\\/nts-europe.eu\\\/wp-content\\\/uploads\\\/2024\\\/08\\\/nts-logo-2012-transparent-retina-tight-1.png\",\"width\":1025,\"height\":690,\"caption\":\"NTS Europe\"},\"image\":{\"@id\":\"https:\\\/\\\/nts-europe.eu\\\/#\\\/schema\\\/logo\\\/image\\\/\"},\"sameAs\":[\"https:\\\/\\\/www.facebook.com\\\/ntseurope\\\/\",\"https:\\\/\\\/x.com\\\/ntseurope\"]}]}<\/script>\n<!-- \/ Yoast SEO plugin. -->","yoast_head_json":{"title":"Paquet de 12 patchs Tear-Aid\u00ae Type A mesurant 35 mm x 35 mm - NTS Europe","robots":{"index":"index","follow":"follow","max-snippet":"max-snippet:-1","max-image-preview":"max-image-preview:large","max-video-preview":"max-video-preview:-1"},"canonical":"https:\/\/nts-europe.eu\/fr\/shop\/paquet-de-12-patchs-tear-aid-type-a-mesurant-35-mm-x-35-mm\/","og_locale":"fr_FR","og_type":"article","og_title":"Paquet de 12 patchs Tear-Aid\u00ae Type A mesurant 35 mm x 35 mm - NTS Europe","og_description":"Six petits (22 mm\u00b2) patchs de r\u00e9paration autocollants en vinyle et PVC de type B","og_url":"https:\/\/nts-europe.eu\/fr\/shop\/paquet-de-12-patchs-tear-aid-type-a-mesurant-35-mm-x-35-mm\/","og_site_name":"NTS Europe","article_publisher":"https:\/\/www.facebook.com\/ntseurope\/","twitter_card":"summary_large_image","twitter_site":"@ntseurope","schema":{"@context":"https:\/\/schema.org","@graph":[{"@type":"WebPage","@id":"https:\/\/nts-europe.eu\/fr\/shop\/paquet-de-12-patchs-tear-aid-type-a-mesurant-35-mm-x-35-mm\/","url":"https:\/\/nts-europe.eu\/fr\/shop\/paquet-de-12-patchs-tear-aid-type-a-mesurant-35-mm-x-35-mm\/","name":"Paquet de 12 patchs Tear-Aid\u00ae Type A mesurant 35 mm x 35 mm - NTS Europe","isPartOf":{"@id":"https:\/\/nts-europe.eu\/#website"},"datePublished":"2024-09-26T15:54:14+00:00","breadcrumb":{"@id":"https:\/\/nts-europe.eu\/fr\/shop\/paquet-de-12-patchs-tear-aid-type-a-mesurant-35-mm-x-35-mm\/#breadcrumb"},"inLanguage":"fr-FR","potentialAction":[{"@type":"ReadAction","target":["https:\/\/nts-europe.eu\/fr\/shop\/paquet-de-12-patchs-tear-aid-type-a-mesurant-35-mm-x-35-mm\/"]}]},{"@type":"BreadcrumbList","@id":"https:\/\/nts-europe.eu\/fr\/shop\/paquet-de-12-patchs-tear-aid-type-a-mesurant-35-mm-x-35-mm\/#breadcrumb","itemListElement":[{"@type":"ListItem","position":1,"name":"Accueil","item":"https:\/\/nts-europe.eu\/fr\/nts-europe\/"},{"@type":"ListItem","position":2,"name":"Shop","item":"https:\/\/nts-europe.eu\/shop\/"},{"@type":"ListItem","position":3,"name":"Paquet de 12 patchs Tear-Aid\u00ae Type A mesurant 35 mm x 35 mm"}]},{"@type":"WebSite","@id":"https:\/\/nts-europe.eu\/#website","url":"https:\/\/nts-europe.eu\/","name":"NTS Europe","description":"Home of Tear-Aid, MistyStix, MistyBubbles and KlipSkis","publisher":{"@id":"https:\/\/nts-europe.eu\/#organization"},"potentialAction":[{"@type":"SearchAction","target":{"@type":"EntryPoint","urlTemplate":"https:\/\/nts-europe.eu\/?s={search_term_string}"},"query-input":{"@type":"PropertyValueSpecification","valueRequired":true,"valueName":"search_term_string"}}],"inLanguage":"fr-FR"},{"@type":"Organization","@id":"https:\/\/nts-europe.eu\/#organization","name":"NTS Europe","url":"https:\/\/nts-europe.eu\/","logo":{"@type":"ImageObject","inLanguage":"fr-FR","@id":"https:\/\/nts-europe.eu\/#\/schema\/logo\/image\/","url":"https:\/\/nts-europe.eu\/wp-content\/uploads\/2024\/08\/nts-logo-2012-transparent-retina-tight-1.png","contentUrl":"https:\/\/nts-europe.eu\/wp-content\/uploads\/2024\/08\/nts-logo-2012-transparent-retina-tight-1.png","width":1025,"height":690,"caption":"NTS Europe"},"image":{"@id":"https:\/\/nts-europe.eu\/#\/schema\/logo\/image\/"},"sameAs":["https:\/\/www.facebook.com\/ntseurope\/","https:\/\/x.com\/ntseurope"]}]}},"jetpack_sharing_enabled":true,"_links":{"self":[{"href":"https:\/\/nts-europe.eu\/fr\/wp-json\/wp\/v2\/product\/24306","targetHints":{"allow":["GET"]}}],"collection":[{"href":"https:\/\/nts-europe.eu\/fr\/wp-json\/wp\/v2\/product"}],"about":[{"href":"https:\/\/nts-europe.eu\/fr\/wp-json\/wp\/v2\/types\/product"}],"version-history":[{"count":0,"href":"https:\/\/nts-europe.eu\/fr\/wp-json\/wp\/v2\/product\/24306\/revisions"}],"wp:attachment":[{"href":"https:\/\/nts-europe.eu\/fr\/wp-json\/wp\/v2\/media?parent=24306"}],"wp:term":[{"taxonomy":"product_brand","embeddable":true,"href":"https:\/\/nts-europe.eu\/fr\/wp-json\/wp\/v2\/product_brand?post=24306"},{"taxonomy":"product_cat","embeddable":true,"href":"https:\/\/nts-europe.eu\/fr\/wp-json\/wp\/v2\/product_cat?post=24306"},{"taxonomy":"product_tag","embeddable":true,"href":"https:\/\/nts-europe.eu\/fr\/wp-json\/wp\/v2\/product_tag?post=24306"}],"curies":[{"name":"wp","href":"https:\/\/api.w.org\/{rel}","templated":true}]}}