{"id":24341,"date":"2024-09-26T15:55:01","date_gmt":"2024-09-26T15:55:01","guid":{"rendered":"https:\/\/nts-europe.eu\/shop\/ruban-adhesif-de-reparation-de-tissu-tear-aid-type-a-15-cm-x-300-cm\/"},"modified":"2025-10-05T18:07:45","modified_gmt":"2025-10-05T18:07:45","slug":"ruban-adhesif-de-reparation-de-tissu-tear-aid-type-a-15-cm-x-300-cm","status":"publish","type":"product","link":"https:\/\/nts-europe.eu\/fr\/shop\/ruban-adhesif-de-reparation-de-tissu-tear-aid-type-a-15-cm-x-300-cm\/","title":{"rendered":"Ruban adh\u00e9sif de r\u00e9paration de tissu Tear-Aid Type A, 15 cm x 300 cm"},"content":{"rendered":"<p>Ce pack comprend 1 bande de Tear-Aid Type A de 15 cm x 450 cm, 3 lingettes de nettoyage et un mode d&#8217;emploi, pour la r\u00e9paration de tissus naturels (comme la toile de coton, par exemple) ou synth\u00e9tiques (nylon, polyester, etc.) autres que le vinyle ou le PVC.<\/p>\n","protected":false},"excerpt":{"rendered":"<p>Tear-Aid Type Bande autocollante de 150 mm de large sur 450 cm de long, pour la r\u00e9paration de presque tous les types de tissus naturels (coton, etc.) et synth\u00e9tiques (nylon, polyur\u00e9thane, etc.).<\/p>\n","protected":false},"featured_media":24301,"template":"","meta":[],"product_brand":[461],"product_cat":[816,772,508,822],"product_tag":[],"class_list":{"0":"post-24341","1":"product","2":"type-product","3":"status-publish","4":"has-post-thumbnail","6":"product_brand-tear-aid","7":"product_cat-bandes-et-rubans","8":"product_cat-tear-aid-pro-fr","9":"product_cat-tous","10":"product_cat-type-a","11":"product_shipping_class-enveloppe","12":"pa_length-450-cm","13":"pa_width-150-mm","15":"first","16":"instock","17":"taxable","18":"shipping-taxable","19":"purchasable","20":"product-type-simple"},"etheme_brands":{"errors":{"invalid_taxonomy":["Taxonomie non valide."]},"error_data":[]},"yoast_head":"<!-- This site is optimized with the Yoast SEO plugin v27.3 - https:\/\/yoast.com\/product\/yoast-seo-wordpress\/ -->\n<title>Ruban adh\u00e9sif de r\u00e9paration de tissu Tear-Aid Type A, 15 cm x 300 cm - NTS Europe<\/title>\n<meta name=\"robots\" content=\"index, follow, max-snippet:-1, max-image-preview:large, max-video-preview:-1\" \/>\n<link rel=\"canonical\" href=\"https:\/\/nts-europe.eu\/fr\/shop\/ruban-adhesif-de-reparation-de-tissu-tear-aid-type-a-15-cm-x-300-cm\/\" \/>\n<meta property=\"og:locale\" content=\"fr_FR\" \/>\n<meta property=\"og:type\" content=\"article\" \/>\n<meta property=\"og:title\" content=\"Ruban adh\u00e9sif de r\u00e9paration de tissu Tear-Aid Type A, 15 cm x 300 cm - NTS Europe\" \/>\n<meta property=\"og:description\" content=\"Tear-Aid Type Bande autocollante de 150 mm de large sur 450 cm de long, pour la r\u00e9paration de presque tous les types de tissus naturels (coton, etc.) et synth\u00e9tiques (nylon, polyur\u00e9thane, etc.).\" \/>\n<meta property=\"og:url\" content=\"https:\/\/nts-europe.eu\/fr\/shop\/ruban-adhesif-de-reparation-de-tissu-tear-aid-type-a-15-cm-x-300-cm\/\" \/>\n<meta property=\"og:site_name\" content=\"NTS Europe\" \/>\n<meta property=\"article:publisher\" content=\"https:\/\/www.facebook.com\/ntseurope\/\" \/>\n<meta property=\"article:modified_time\" content=\"2025-10-05T18:07:45+00:00\" \/>\n<meta property=\"og:image\" content=\"https:\/\/nts-europe.eu\/wp-content\/uploads\/2025\/10\/Tear-Aid_Type_A_150_mm_roll.png\" \/>\n\t<meta property=\"og:image:width\" content=\"2000\" \/>\n\t<meta property=\"og:image:height\" content=\"2000\" \/>\n\t<meta property=\"og:image:type\" content=\"image\/png\" \/>\n<meta name=\"twitter:card\" content=\"summary_large_image\" \/>\n<meta name=\"twitter:site\" content=\"@ntseurope\" \/>\n<script type=\"application\/ld+json\" class=\"yoast-schema-graph\">{\"@context\":\"https:\\\/\\\/schema.org\",\"@graph\":[{\"@type\":\"WebPage\",\"@id\":\"https:\\\/\\\/nts-europe.eu\\\/fr\\\/shop\\\/ruban-adhesif-de-reparation-de-tissu-tear-aid-type-a-15-cm-x-300-cm\\\/\",\"url\":\"https:\\\/\\\/nts-europe.eu\\\/fr\\\/shop\\\/ruban-adhesif-de-reparation-de-tissu-tear-aid-type-a-15-cm-x-300-cm\\\/\",\"name\":\"Ruban adh\u00e9sif de r\u00e9paration de tissu Tear-Aid Type A, 15 cm x 300 cm - NTS Europe\",\"isPartOf\":{\"@id\":\"https:\\\/\\\/nts-europe.eu\\\/#website\"},\"primaryImageOfPage\":{\"@id\":\"https:\\\/\\\/nts-europe.eu\\\/fr\\\/shop\\\/ruban-adhesif-de-reparation-de-tissu-tear-aid-type-a-15-cm-x-300-cm\\\/#primaryimage\"},\"image\":{\"@id\":\"https:\\\/\\\/nts-europe.eu\\\/fr\\\/shop\\\/ruban-adhesif-de-reparation-de-tissu-tear-aid-type-a-15-cm-x-300-cm\\\/#primaryimage\"},\"thumbnailUrl\":\"https:\\\/\\\/nts-europe.eu\\\/wp-content\\\/uploads\\\/2025\\\/10\\\/Tear-Aid_Type_A_150_mm_roll.png\",\"datePublished\":\"2024-09-26T15:55:01+00:00\",\"dateModified\":\"2025-10-05T18:07:45+00:00\",\"breadcrumb\":{\"@id\":\"https:\\\/\\\/nts-europe.eu\\\/fr\\\/shop\\\/ruban-adhesif-de-reparation-de-tissu-tear-aid-type-a-15-cm-x-300-cm\\\/#breadcrumb\"},\"inLanguage\":\"fr-FR\",\"potentialAction\":[{\"@type\":\"ReadAction\",\"target\":[\"https:\\\/\\\/nts-europe.eu\\\/fr\\\/shop\\\/ruban-adhesif-de-reparation-de-tissu-tear-aid-type-a-15-cm-x-300-cm\\\/\"]}]},{\"@type\":\"ImageObject\",\"inLanguage\":\"fr-FR\",\"@id\":\"https:\\\/\\\/nts-europe.eu\\\/fr\\\/shop\\\/ruban-adhesif-de-reparation-de-tissu-tear-aid-type-a-15-cm-x-300-cm\\\/#primaryimage\",\"url\":\"https:\\\/\\\/nts-europe.eu\\\/wp-content\\\/uploads\\\/2025\\\/10\\\/Tear-Aid_Type_A_150_mm_roll.png\",\"contentUrl\":\"https:\\\/\\\/nts-europe.eu\\\/wp-content\\\/uploads\\\/2025\\\/10\\\/Tear-Aid_Type_A_150_mm_roll.png\",\"width\":2000,\"height\":2000},{\"@type\":\"BreadcrumbList\",\"@id\":\"https:\\\/\\\/nts-europe.eu\\\/fr\\\/shop\\\/ruban-adhesif-de-reparation-de-tissu-tear-aid-type-a-15-cm-x-300-cm\\\/#breadcrumb\",\"itemListElement\":[{\"@type\":\"ListItem\",\"position\":1,\"name\":\"Accueil\",\"item\":\"https:\\\/\\\/nts-europe.eu\\\/fr\\\/nts-europe\\\/\"},{\"@type\":\"ListItem\",\"position\":2,\"name\":\"Shop\",\"item\":\"https:\\\/\\\/nts-europe.eu\\\/shop\\\/\"},{\"@type\":\"ListItem\",\"position\":3,\"name\":\"Ruban adh\u00e9sif de r\u00e9paration de tissu Tear-Aid Type A, 15 cm x 300 cm\"}]},{\"@type\":\"WebSite\",\"@id\":\"https:\\\/\\\/nts-europe.eu\\\/#website\",\"url\":\"https:\\\/\\\/nts-europe.eu\\\/\",\"name\":\"NTS Europe\",\"description\":\"Home of Tear-Aid, MistyStix, MistyBubbles and KlipSkis\",\"publisher\":{\"@id\":\"https:\\\/\\\/nts-europe.eu\\\/#organization\"},\"potentialAction\":[{\"@type\":\"SearchAction\",\"target\":{\"@type\":\"EntryPoint\",\"urlTemplate\":\"https:\\\/\\\/nts-europe.eu\\\/?s={search_term_string}\"},\"query-input\":{\"@type\":\"PropertyValueSpecification\",\"valueRequired\":true,\"valueName\":\"search_term_string\"}}],\"inLanguage\":\"fr-FR\"},{\"@type\":\"Organization\",\"@id\":\"https:\\\/\\\/nts-europe.eu\\\/#organization\",\"name\":\"NTS Europe\",\"url\":\"https:\\\/\\\/nts-europe.eu\\\/\",\"logo\":{\"@type\":\"ImageObject\",\"inLanguage\":\"fr-FR\",\"@id\":\"https:\\\/\\\/nts-europe.eu\\\/#\\\/schema\\\/logo\\\/image\\\/\",\"url\":\"https:\\\/\\\/nts-europe.eu\\\/wp-content\\\/uploads\\\/2024\\\/08\\\/nts-logo-2012-transparent-retina-tight-1.png\",\"contentUrl\":\"https:\\\/\\\/nts-europe.eu\\\/wp-content\\\/uploads\\\/2024\\\/08\\\/nts-logo-2012-transparent-retina-tight-1.png\",\"width\":1025,\"height\":690,\"caption\":\"NTS Europe\"},\"image\":{\"@id\":\"https:\\\/\\\/nts-europe.eu\\\/#\\\/schema\\\/logo\\\/image\\\/\"},\"sameAs\":[\"https:\\\/\\\/www.facebook.com\\\/ntseurope\\\/\",\"https:\\\/\\\/x.com\\\/ntseurope\"]}]}<\/script>\n<!-- \/ Yoast SEO plugin. -->","yoast_head_json":{"title":"Ruban adh\u00e9sif de r\u00e9paration de tissu Tear-Aid Type A, 15 cm x 300 cm - NTS Europe","robots":{"index":"index","follow":"follow","max-snippet":"max-snippet:-1","max-image-preview":"max-image-preview:large","max-video-preview":"max-video-preview:-1"},"canonical":"https:\/\/nts-europe.eu\/fr\/shop\/ruban-adhesif-de-reparation-de-tissu-tear-aid-type-a-15-cm-x-300-cm\/","og_locale":"fr_FR","og_type":"article","og_title":"Ruban adh\u00e9sif de r\u00e9paration de tissu Tear-Aid Type A, 15 cm x 300 cm - NTS Europe","og_description":"Tear-Aid Type Bande autocollante de 150 mm de large sur 450 cm de long, pour la r\u00e9paration de presque tous les types de tissus naturels (coton, etc.) et synth\u00e9tiques (nylon, polyur\u00e9thane, etc.).","og_url":"https:\/\/nts-europe.eu\/fr\/shop\/ruban-adhesif-de-reparation-de-tissu-tear-aid-type-a-15-cm-x-300-cm\/","og_site_name":"NTS Europe","article_publisher":"https:\/\/www.facebook.com\/ntseurope\/","article_modified_time":"2025-10-05T18:07:45+00:00","og_image":[{"width":2000,"height":2000,"url":"https:\/\/nts-europe.eu\/wp-content\/uploads\/2025\/10\/Tear-Aid_Type_A_150_mm_roll.png","type":"image\/png"}],"twitter_card":"summary_large_image","twitter_site":"@ntseurope","schema":{"@context":"https:\/\/schema.org","@graph":[{"@type":"WebPage","@id":"https:\/\/nts-europe.eu\/fr\/shop\/ruban-adhesif-de-reparation-de-tissu-tear-aid-type-a-15-cm-x-300-cm\/","url":"https:\/\/nts-europe.eu\/fr\/shop\/ruban-adhesif-de-reparation-de-tissu-tear-aid-type-a-15-cm-x-300-cm\/","name":"Ruban adh\u00e9sif de r\u00e9paration de tissu Tear-Aid Type A, 15 cm x 300 cm - NTS Europe","isPartOf":{"@id":"https:\/\/nts-europe.eu\/#website"},"primaryImageOfPage":{"@id":"https:\/\/nts-europe.eu\/fr\/shop\/ruban-adhesif-de-reparation-de-tissu-tear-aid-type-a-15-cm-x-300-cm\/#primaryimage"},"image":{"@id":"https:\/\/nts-europe.eu\/fr\/shop\/ruban-adhesif-de-reparation-de-tissu-tear-aid-type-a-15-cm-x-300-cm\/#primaryimage"},"thumbnailUrl":"https:\/\/nts-europe.eu\/wp-content\/uploads\/2025\/10\/Tear-Aid_Type_A_150_mm_roll.png","datePublished":"2024-09-26T15:55:01+00:00","dateModified":"2025-10-05T18:07:45+00:00","breadcrumb":{"@id":"https:\/\/nts-europe.eu\/fr\/shop\/ruban-adhesif-de-reparation-de-tissu-tear-aid-type-a-15-cm-x-300-cm\/#breadcrumb"},"inLanguage":"fr-FR","potentialAction":[{"@type":"ReadAction","target":["https:\/\/nts-europe.eu\/fr\/shop\/ruban-adhesif-de-reparation-de-tissu-tear-aid-type-a-15-cm-x-300-cm\/"]}]},{"@type":"ImageObject","inLanguage":"fr-FR","@id":"https:\/\/nts-europe.eu\/fr\/shop\/ruban-adhesif-de-reparation-de-tissu-tear-aid-type-a-15-cm-x-300-cm\/#primaryimage","url":"https:\/\/nts-europe.eu\/wp-content\/uploads\/2025\/10\/Tear-Aid_Type_A_150_mm_roll.png","contentUrl":"https:\/\/nts-europe.eu\/wp-content\/uploads\/2025\/10\/Tear-Aid_Type_A_150_mm_roll.png","width":2000,"height":2000},{"@type":"BreadcrumbList","@id":"https:\/\/nts-europe.eu\/fr\/shop\/ruban-adhesif-de-reparation-de-tissu-tear-aid-type-a-15-cm-x-300-cm\/#breadcrumb","itemListElement":[{"@type":"ListItem","position":1,"name":"Accueil","item":"https:\/\/nts-europe.eu\/fr\/nts-europe\/"},{"@type":"ListItem","position":2,"name":"Shop","item":"https:\/\/nts-europe.eu\/shop\/"},{"@type":"ListItem","position":3,"name":"Ruban adh\u00e9sif de r\u00e9paration de tissu Tear-Aid Type A, 15 cm x 300 cm"}]},{"@type":"WebSite","@id":"https:\/\/nts-europe.eu\/#website","url":"https:\/\/nts-europe.eu\/","name":"NTS Europe","description":"Home of Tear-Aid, MistyStix, MistyBubbles and KlipSkis","publisher":{"@id":"https:\/\/nts-europe.eu\/#organization"},"potentialAction":[{"@type":"SearchAction","target":{"@type":"EntryPoint","urlTemplate":"https:\/\/nts-europe.eu\/?s={search_term_string}"},"query-input":{"@type":"PropertyValueSpecification","valueRequired":true,"valueName":"search_term_string"}}],"inLanguage":"fr-FR"},{"@type":"Organization","@id":"https:\/\/nts-europe.eu\/#organization","name":"NTS Europe","url":"https:\/\/nts-europe.eu\/","logo":{"@type":"ImageObject","inLanguage":"fr-FR","@id":"https:\/\/nts-europe.eu\/#\/schema\/logo\/image\/","url":"https:\/\/nts-europe.eu\/wp-content\/uploads\/2024\/08\/nts-logo-2012-transparent-retina-tight-1.png","contentUrl":"https:\/\/nts-europe.eu\/wp-content\/uploads\/2024\/08\/nts-logo-2012-transparent-retina-tight-1.png","width":1025,"height":690,"caption":"NTS Europe"},"image":{"@id":"https:\/\/nts-europe.eu\/#\/schema\/logo\/image\/"},"sameAs":["https:\/\/www.facebook.com\/ntseurope\/","https:\/\/x.com\/ntseurope"]}]}},"jetpack_sharing_enabled":true,"_links":{"self":[{"href":"https:\/\/nts-europe.eu\/fr\/wp-json\/wp\/v2\/product\/24341","targetHints":{"allow":["GET"]}}],"collection":[{"href":"https:\/\/nts-europe.eu\/fr\/wp-json\/wp\/v2\/product"}],"about":[{"href":"https:\/\/nts-europe.eu\/fr\/wp-json\/wp\/v2\/types\/product"}],"version-history":[{"count":1,"href":"https:\/\/nts-europe.eu\/fr\/wp-json\/wp\/v2\/product\/24341\/revisions"}],"predecessor-version":[{"id":24354,"href":"https:\/\/nts-europe.eu\/fr\/wp-json\/wp\/v2\/product\/24341\/revisions\/24354"}],"wp:featuredmedia":[{"embeddable":true,"href":"https:\/\/nts-europe.eu\/fr\/wp-json\/wp\/v2\/media\/24301"}],"wp:attachment":[{"href":"https:\/\/nts-europe.eu\/fr\/wp-json\/wp\/v2\/media?parent=24341"}],"wp:term":[{"taxonomy":"product_brand","embeddable":true,"href":"https:\/\/nts-europe.eu\/fr\/wp-json\/wp\/v2\/product_brand?post=24341"},{"taxonomy":"product_cat","embeddable":true,"href":"https:\/\/nts-europe.eu\/fr\/wp-json\/wp\/v2\/product_cat?post=24341"},{"taxonomy":"product_tag","embeddable":true,"href":"https:\/\/nts-europe.eu\/fr\/wp-json\/wp\/v2\/product_tag?post=24341"}],"curies":[{"name":"wp","href":"https:\/\/api.w.org\/{rel}","templated":true}]}}