{"id":24385,"date":"2024-09-26T15:54:37","date_gmt":"2024-09-26T15:54:37","guid":{"rendered":"https:\/\/nts-europe.eu\/shop\/tear-aid-type-a-bande-de-reparation-auto-adhesive-pour-tissus-75-mm-x-75-cm\/"},"modified":"2024-09-26T15:54:37","modified_gmt":"2024-09-26T15:54:37","slug":"tear-aid-type-a-bande-de-reparation-auto-adhesive-pour-tissus-75-mm-x-75-cm","status":"publish","type":"product","link":"https:\/\/nts-europe.eu\/fr\/shop\/tear-aid-type-a-bande-de-reparation-auto-adhesive-pour-tissus-75-mm-x-75-cm\/","title":{"rendered":"Tear-Aid Type A bande de r\u00e9paration auto-adh\u00e9sive pour tissus, 75 mm x 75 cm"},"content":{"rendered":"<p>Ce pack comprend 1 bande de Tear-Aid Type A de 75 mm x 60 cm, deux lingettes de nettoyage et un mode d&#8217;emploi, pour la r\u00e9paration de tissus naturels (comme la toile de coton, par exemple) ou synth\u00e9tiques (nylon, polyester, etc.) autres que le vinyle ou le PVC.<\/p>\n","protected":false},"excerpt":{"rendered":"<p>Tear-Aid Type Bande autocollante de 75 mm de largeur sur 60 cm de longueur, pour la r\u00e9paration de presque tous les types de tissus naturels (coton, etc.) et synth\u00e9tiques (nylon, polyur\u00e9thane, etc.).<\/p>\n","protected":false},"featured_media":24370,"template":"","meta":[],"product_brand":[461],"product_cat":[816,772,508,822],"product_tag":[],"class_list":{"0":"post-24385","1":"product","2":"type-product","3":"status-publish","4":"has-post-thumbnail","6":"product_brand-tear-aid","7":"product_cat-bandes-et-rubans","8":"product_cat-tear-aid-pro-fr","9":"product_cat-tous","10":"product_cat-type-a","11":"product_shipping_class-enveloppe","12":"pa_length-60-cm","13":"pa_width-75-mm","15":"first","16":"instock","17":"taxable","18":"shipping-taxable","19":"purchasable","20":"product-type-simple"},"etheme_brands":{"errors":{"invalid_taxonomy":["Taxonomie non valide."]},"error_data":[]},"yoast_head":"<!-- This site is optimized with the Yoast SEO plugin v27.3 - https:\/\/yoast.com\/product\/yoast-seo-wordpress\/ -->\n<title>Tear-Aid Type A bande de r\u00e9paration auto-adh\u00e9sive pour tissus, 75 mm x 75 cm - NTS Europe<\/title>\n<meta name=\"robots\" content=\"index, follow, max-snippet:-1, max-image-preview:large, max-video-preview:-1\" \/>\n<link rel=\"canonical\" href=\"https:\/\/nts-europe.eu\/fr\/shop\/tear-aid-type-a-bande-de-reparation-auto-adhesive-pour-tissus-75-mm-x-75-cm\/\" \/>\n<meta property=\"og:locale\" content=\"fr_FR\" \/>\n<meta property=\"og:type\" content=\"article\" \/>\n<meta property=\"og:title\" content=\"Tear-Aid Type A bande de r\u00e9paration auto-adh\u00e9sive pour tissus, 75 mm x 75 cm - NTS Europe\" \/>\n<meta property=\"og:description\" content=\"Tear-Aid Type Bande autocollante de 75 mm de largeur sur 60 cm de longueur, pour la r\u00e9paration de presque tous les types de tissus naturels (coton, etc.) et synth\u00e9tiques (nylon, polyur\u00e9thane, etc.).\" \/>\n<meta property=\"og:url\" content=\"https:\/\/nts-europe.eu\/fr\/shop\/tear-aid-type-a-bande-de-reparation-auto-adhesive-pour-tissus-75-mm-x-75-cm\/\" \/>\n<meta property=\"og:site_name\" content=\"NTS Europe\" \/>\n<meta property=\"article:publisher\" content=\"https:\/\/www.facebook.com\/ntseurope\/\" \/>\n<meta property=\"og:image\" content=\"https:\/\/nts-europe.eu\/wp-content\/uploads\/2025\/10\/Tear-Aid_Type_A_75_mm_x_150_cm.png\" \/>\n\t<meta property=\"og:image:width\" content=\"1200\" \/>\n\t<meta property=\"og:image:height\" content=\"1200\" \/>\n\t<meta property=\"og:image:type\" content=\"image\/png\" \/>\n<meta name=\"twitter:card\" content=\"summary_large_image\" \/>\n<meta name=\"twitter:site\" content=\"@ntseurope\" \/>\n<script type=\"application\/ld+json\" class=\"yoast-schema-graph\">{\"@context\":\"https:\\\/\\\/schema.org\",\"@graph\":[{\"@type\":\"WebPage\",\"@id\":\"https:\\\/\\\/nts-europe.eu\\\/fr\\\/shop\\\/tear-aid-type-a-bande-de-reparation-auto-adhesive-pour-tissus-75-mm-x-75-cm\\\/\",\"url\":\"https:\\\/\\\/nts-europe.eu\\\/fr\\\/shop\\\/tear-aid-type-a-bande-de-reparation-auto-adhesive-pour-tissus-75-mm-x-75-cm\\\/\",\"name\":\"Tear-Aid Type A bande de r\u00e9paration auto-adh\u00e9sive pour tissus, 75 mm x 75 cm - NTS Europe\",\"isPartOf\":{\"@id\":\"https:\\\/\\\/nts-europe.eu\\\/#website\"},\"primaryImageOfPage\":{\"@id\":\"https:\\\/\\\/nts-europe.eu\\\/fr\\\/shop\\\/tear-aid-type-a-bande-de-reparation-auto-adhesive-pour-tissus-75-mm-x-75-cm\\\/#primaryimage\"},\"image\":{\"@id\":\"https:\\\/\\\/nts-europe.eu\\\/fr\\\/shop\\\/tear-aid-type-a-bande-de-reparation-auto-adhesive-pour-tissus-75-mm-x-75-cm\\\/#primaryimage\"},\"thumbnailUrl\":\"https:\\\/\\\/nts-europe.eu\\\/wp-content\\\/uploads\\\/2025\\\/10\\\/Tear-Aid_Type_A_75_mm_x_150_cm.png\",\"datePublished\":\"2024-09-26T15:54:37+00:00\",\"breadcrumb\":{\"@id\":\"https:\\\/\\\/nts-europe.eu\\\/fr\\\/shop\\\/tear-aid-type-a-bande-de-reparation-auto-adhesive-pour-tissus-75-mm-x-75-cm\\\/#breadcrumb\"},\"inLanguage\":\"fr-FR\",\"potentialAction\":[{\"@type\":\"ReadAction\",\"target\":[\"https:\\\/\\\/nts-europe.eu\\\/fr\\\/shop\\\/tear-aid-type-a-bande-de-reparation-auto-adhesive-pour-tissus-75-mm-x-75-cm\\\/\"]}]},{\"@type\":\"ImageObject\",\"inLanguage\":\"fr-FR\",\"@id\":\"https:\\\/\\\/nts-europe.eu\\\/fr\\\/shop\\\/tear-aid-type-a-bande-de-reparation-auto-adhesive-pour-tissus-75-mm-x-75-cm\\\/#primaryimage\",\"url\":\"https:\\\/\\\/nts-europe.eu\\\/wp-content\\\/uploads\\\/2025\\\/10\\\/Tear-Aid_Type_A_75_mm_x_150_cm.png\",\"contentUrl\":\"https:\\\/\\\/nts-europe.eu\\\/wp-content\\\/uploads\\\/2025\\\/10\\\/Tear-Aid_Type_A_75_mm_x_150_cm.png\",\"width\":1200,\"height\":1200},{\"@type\":\"BreadcrumbList\",\"@id\":\"https:\\\/\\\/nts-europe.eu\\\/fr\\\/shop\\\/tear-aid-type-a-bande-de-reparation-auto-adhesive-pour-tissus-75-mm-x-75-cm\\\/#breadcrumb\",\"itemListElement\":[{\"@type\":\"ListItem\",\"position\":1,\"name\":\"Accueil\",\"item\":\"https:\\\/\\\/nts-europe.eu\\\/fr\\\/nts-europe\\\/\"},{\"@type\":\"ListItem\",\"position\":2,\"name\":\"Shop\",\"item\":\"https:\\\/\\\/nts-europe.eu\\\/shop\\\/\"},{\"@type\":\"ListItem\",\"position\":3,\"name\":\"Tear-Aid Type A bande de r\u00e9paration auto-adh\u00e9sive pour tissus, 75 mm x 75 cm\"}]},{\"@type\":\"WebSite\",\"@id\":\"https:\\\/\\\/nts-europe.eu\\\/#website\",\"url\":\"https:\\\/\\\/nts-europe.eu\\\/\",\"name\":\"NTS Europe\",\"description\":\"Home of Tear-Aid, MistyStix, MistyBubbles and KlipSkis\",\"publisher\":{\"@id\":\"https:\\\/\\\/nts-europe.eu\\\/#organization\"},\"potentialAction\":[{\"@type\":\"SearchAction\",\"target\":{\"@type\":\"EntryPoint\",\"urlTemplate\":\"https:\\\/\\\/nts-europe.eu\\\/?s={search_term_string}\"},\"query-input\":{\"@type\":\"PropertyValueSpecification\",\"valueRequired\":true,\"valueName\":\"search_term_string\"}}],\"inLanguage\":\"fr-FR\"},{\"@type\":\"Organization\",\"@id\":\"https:\\\/\\\/nts-europe.eu\\\/#organization\",\"name\":\"NTS Europe\",\"url\":\"https:\\\/\\\/nts-europe.eu\\\/\",\"logo\":{\"@type\":\"ImageObject\",\"inLanguage\":\"fr-FR\",\"@id\":\"https:\\\/\\\/nts-europe.eu\\\/#\\\/schema\\\/logo\\\/image\\\/\",\"url\":\"https:\\\/\\\/nts-europe.eu\\\/wp-content\\\/uploads\\\/2024\\\/08\\\/nts-logo-2012-transparent-retina-tight-1.png\",\"contentUrl\":\"https:\\\/\\\/nts-europe.eu\\\/wp-content\\\/uploads\\\/2024\\\/08\\\/nts-logo-2012-transparent-retina-tight-1.png\",\"width\":1025,\"height\":690,\"caption\":\"NTS Europe\"},\"image\":{\"@id\":\"https:\\\/\\\/nts-europe.eu\\\/#\\\/schema\\\/logo\\\/image\\\/\"},\"sameAs\":[\"https:\\\/\\\/www.facebook.com\\\/ntseurope\\\/\",\"https:\\\/\\\/x.com\\\/ntseurope\"]}]}<\/script>\n<!-- \/ Yoast SEO plugin. -->","yoast_head_json":{"title":"Tear-Aid Type A bande de r\u00e9paration auto-adh\u00e9sive pour tissus, 75 mm x 75 cm - NTS Europe","robots":{"index":"index","follow":"follow","max-snippet":"max-snippet:-1","max-image-preview":"max-image-preview:large","max-video-preview":"max-video-preview:-1"},"canonical":"https:\/\/nts-europe.eu\/fr\/shop\/tear-aid-type-a-bande-de-reparation-auto-adhesive-pour-tissus-75-mm-x-75-cm\/","og_locale":"fr_FR","og_type":"article","og_title":"Tear-Aid Type A bande de r\u00e9paration auto-adh\u00e9sive pour tissus, 75 mm x 75 cm - NTS Europe","og_description":"Tear-Aid Type Bande autocollante de 75 mm de largeur sur 60 cm de longueur, pour la r\u00e9paration de presque tous les types de tissus naturels (coton, etc.) et synth\u00e9tiques (nylon, polyur\u00e9thane, etc.).","og_url":"https:\/\/nts-europe.eu\/fr\/shop\/tear-aid-type-a-bande-de-reparation-auto-adhesive-pour-tissus-75-mm-x-75-cm\/","og_site_name":"NTS Europe","article_publisher":"https:\/\/www.facebook.com\/ntseurope\/","og_image":[{"width":1200,"height":1200,"url":"https:\/\/nts-europe.eu\/wp-content\/uploads\/2025\/10\/Tear-Aid_Type_A_75_mm_x_150_cm.png","type":"image\/png"}],"twitter_card":"summary_large_image","twitter_site":"@ntseurope","schema":{"@context":"https:\/\/schema.org","@graph":[{"@type":"WebPage","@id":"https:\/\/nts-europe.eu\/fr\/shop\/tear-aid-type-a-bande-de-reparation-auto-adhesive-pour-tissus-75-mm-x-75-cm\/","url":"https:\/\/nts-europe.eu\/fr\/shop\/tear-aid-type-a-bande-de-reparation-auto-adhesive-pour-tissus-75-mm-x-75-cm\/","name":"Tear-Aid Type A bande de r\u00e9paration auto-adh\u00e9sive pour tissus, 75 mm x 75 cm - NTS Europe","isPartOf":{"@id":"https:\/\/nts-europe.eu\/#website"},"primaryImageOfPage":{"@id":"https:\/\/nts-europe.eu\/fr\/shop\/tear-aid-type-a-bande-de-reparation-auto-adhesive-pour-tissus-75-mm-x-75-cm\/#primaryimage"},"image":{"@id":"https:\/\/nts-europe.eu\/fr\/shop\/tear-aid-type-a-bande-de-reparation-auto-adhesive-pour-tissus-75-mm-x-75-cm\/#primaryimage"},"thumbnailUrl":"https:\/\/nts-europe.eu\/wp-content\/uploads\/2025\/10\/Tear-Aid_Type_A_75_mm_x_150_cm.png","datePublished":"2024-09-26T15:54:37+00:00","breadcrumb":{"@id":"https:\/\/nts-europe.eu\/fr\/shop\/tear-aid-type-a-bande-de-reparation-auto-adhesive-pour-tissus-75-mm-x-75-cm\/#breadcrumb"},"inLanguage":"fr-FR","potentialAction":[{"@type":"ReadAction","target":["https:\/\/nts-europe.eu\/fr\/shop\/tear-aid-type-a-bande-de-reparation-auto-adhesive-pour-tissus-75-mm-x-75-cm\/"]}]},{"@type":"ImageObject","inLanguage":"fr-FR","@id":"https:\/\/nts-europe.eu\/fr\/shop\/tear-aid-type-a-bande-de-reparation-auto-adhesive-pour-tissus-75-mm-x-75-cm\/#primaryimage","url":"https:\/\/nts-europe.eu\/wp-content\/uploads\/2025\/10\/Tear-Aid_Type_A_75_mm_x_150_cm.png","contentUrl":"https:\/\/nts-europe.eu\/wp-content\/uploads\/2025\/10\/Tear-Aid_Type_A_75_mm_x_150_cm.png","width":1200,"height":1200},{"@type":"BreadcrumbList","@id":"https:\/\/nts-europe.eu\/fr\/shop\/tear-aid-type-a-bande-de-reparation-auto-adhesive-pour-tissus-75-mm-x-75-cm\/#breadcrumb","itemListElement":[{"@type":"ListItem","position":1,"name":"Accueil","item":"https:\/\/nts-europe.eu\/fr\/nts-europe\/"},{"@type":"ListItem","position":2,"name":"Shop","item":"https:\/\/nts-europe.eu\/shop\/"},{"@type":"ListItem","position":3,"name":"Tear-Aid Type A bande de r\u00e9paration auto-adh\u00e9sive pour tissus, 75 mm x 75 cm"}]},{"@type":"WebSite","@id":"https:\/\/nts-europe.eu\/#website","url":"https:\/\/nts-europe.eu\/","name":"NTS Europe","description":"Home of Tear-Aid, MistyStix, MistyBubbles and KlipSkis","publisher":{"@id":"https:\/\/nts-europe.eu\/#organization"},"potentialAction":[{"@type":"SearchAction","target":{"@type":"EntryPoint","urlTemplate":"https:\/\/nts-europe.eu\/?s={search_term_string}"},"query-input":{"@type":"PropertyValueSpecification","valueRequired":true,"valueName":"search_term_string"}}],"inLanguage":"fr-FR"},{"@type":"Organization","@id":"https:\/\/nts-europe.eu\/#organization","name":"NTS Europe","url":"https:\/\/nts-europe.eu\/","logo":{"@type":"ImageObject","inLanguage":"fr-FR","@id":"https:\/\/nts-europe.eu\/#\/schema\/logo\/image\/","url":"https:\/\/nts-europe.eu\/wp-content\/uploads\/2024\/08\/nts-logo-2012-transparent-retina-tight-1.png","contentUrl":"https:\/\/nts-europe.eu\/wp-content\/uploads\/2024\/08\/nts-logo-2012-transparent-retina-tight-1.png","width":1025,"height":690,"caption":"NTS Europe"},"image":{"@id":"https:\/\/nts-europe.eu\/#\/schema\/logo\/image\/"},"sameAs":["https:\/\/www.facebook.com\/ntseurope\/","https:\/\/x.com\/ntseurope"]}]}},"jetpack_sharing_enabled":true,"_links":{"self":[{"href":"https:\/\/nts-europe.eu\/fr\/wp-json\/wp\/v2\/product\/24385","targetHints":{"allow":["GET"]}}],"collection":[{"href":"https:\/\/nts-europe.eu\/fr\/wp-json\/wp\/v2\/product"}],"about":[{"href":"https:\/\/nts-europe.eu\/fr\/wp-json\/wp\/v2\/types\/product"}],"version-history":[{"count":0,"href":"https:\/\/nts-europe.eu\/fr\/wp-json\/wp\/v2\/product\/24385\/revisions"}],"wp:featuredmedia":[{"embeddable":true,"href":"https:\/\/nts-europe.eu\/fr\/wp-json\/wp\/v2\/media\/24370"}],"wp:attachment":[{"href":"https:\/\/nts-europe.eu\/fr\/wp-json\/wp\/v2\/media?parent=24385"}],"wp:term":[{"taxonomy":"product_brand","embeddable":true,"href":"https:\/\/nts-europe.eu\/fr\/wp-json\/wp\/v2\/product_brand?post=24385"},{"taxonomy":"product_cat","embeddable":true,"href":"https:\/\/nts-europe.eu\/fr\/wp-json\/wp\/v2\/product_cat?post=24385"},{"taxonomy":"product_tag","embeddable":true,"href":"https:\/\/nts-europe.eu\/fr\/wp-json\/wp\/v2\/product_tag?post=24385"}],"curies":[{"name":"wp","href":"https:\/\/api.w.org\/{rel}","templated":true}]}}