{"id":24586,"date":"2024-09-26T15:53:51","date_gmt":"2024-09-26T15:53:51","guid":{"rendered":"https:\/\/nts-europe.eu\/shop\/mistystix-1-boite-250-unites\/"},"modified":"2026-03-11T09:22:57","modified_gmt":"2026-03-11T09:22:57","slug":"mistystix-1-boite-250-unites","status":"publish","type":"product","link":"https:\/\/nts-europe.eu\/fr\/shop\/mistystix-1-boite-250-unites\/","title":{"rendered":"MistyStix &#8211; 1 bo\u00eete (250 unit\u00e9s)"},"content":{"rendered":"<div style=\"width: 640px;\" class=\"wp-video\"><video class=\"wp-video-shortcode\" id=\"video-24586-1\" width=\"640\" height=\"360\" preload=\"metadata\" controls=\"controls\"><source type=\"video\/mp4\" src=\"https:\/\/nts-europe.eu\/wp-content\/uploads\/2024\/08\/MistyStix-medium-logo-bottom-centre.mp4?_=1\" \/><a href=\"https:\/\/nts-europe.eu\/wp-content\/uploads\/2024\/08\/MistyStix-medium-logo-bottom-centre.mp4\">https:\/\/nts-europe.eu\/wp-content\/uploads\/2024\/08\/MistyStix-medium-logo-bottom-centre.mp4<\/a><\/video><\/div>\n<style>\/*! elementor - v3.19.0 - 07-02-2024 *\/<br \/>.elementor-widget-image{text-align:center}.elementor-widget-image a{display:inline-block}.elementor-widget-image a img[src$=\".svg\"]{width:48px}.elementor-widget-image img{vertical-align:middle;display:inline-block}<\/style>\n<p><img decoding=\"async\" title=\"MistyStix\" src=\"https:\/\/nts-europe.eu\/wp-content\/uploads\/elementor\/thumbs\/mistystix-blur-and-fix-q3m22yj95rfwot77ut823dlfp3f14fmnyr4ay74xiw.png\" alt=\"MistyStix\" \/><\/p>\n<p><strong>MistyStix turn any cocktail party into a smouldering, exciting, atmospheric event you&#8217;ll remember for years to come<\/strong><\/p>\n<p>MistyStix are reusable, dishwasher-proof, certified food-grade cocktail swizzle sticks that can hold a pellet of dry ice which will immediately begin to smoulder when you clip the MistyStix securely to the edge of the glass.<\/p>\n<p><strong>Available in transparent, so they blend in with every occasion!<\/strong><\/p>\n<p>They are completely safe when used following the instructions provided with every pack; just remember to order your dry ice from your usual supplier <a href=\"https:\/\/mistystix.com\/mistystix-distributors\/\" target=\"_blank\" rel=\"noopener\">or from any of our partner resellers<\/a>.<\/p>\n<p><strong>What&#8217;s the occasion? Whatever it is, just remember to invite MistyStix!<\/strong><\/p>\n<p>Hallowe\u2019en is the obvious occasion that springs to mind, though what\u2019s to stop you from having a spooky party night whatever the time of the year?<\/p>\n<p>Weddings, birthdays, bar mitzvahs, christenings, hanukkah, the end of ramadan, comings of age, the list just goes on and on, and what better way to celebrate than with a drink of your own choosing and adding our MistyStix to the guest list?<\/p>\n<p><strong>MistyStix are drink stirrers with a difference &#8211; they turn favourite cocktails into foggy delights<\/strong><\/p>\n<p>Margarita, Caipirina, Mojito, Pi\u00f1a Colada, Tequila Sunrise, Daiquiri, Kamikaze, Negroni\u2026<\/p>\n<p>Whatever your passion or that of your customers, inviting MistyStix to the party is sure to add some \u201cvrumph\u201d to the occasion.<\/p>\n<p>For more information on MistyStix and how to use them, <a href=\"https:\/\/mistystix.com\/about-mistystix\/\" target=\"_blank\" rel=\"noopener\">just click here<\/a>!<\/p>\n","protected":false},"excerpt":{"rendered":"<div class=\"elementor-element elementor-element-13d31a8b elementor-widget elementor-widget-text-editor\" data-id=\"13d31a8b\" data-element_type=\"widget\" data-widget_type=\"text-editor.default\">\n<div class=\"elementor-widget-container\">\n<p>MistyStix &#8211; b\u00e2tonnets \u00e0 cocktail r\u00e9utilisables, r\u00e9sistants au lave-vaisselle et certifi\u00e9s de qualit\u00e9 alimentaire, pouvant contenir une pastille de glace carbonique qui commencera imm\u00e9diatement \u00e0 br\u00fbler lorsque vous l&#8217;ins\u00e9rerez dans votre cocktail.<\/p>\n<p>Bo\u00eete de 10 paquets, chaque paquet contenant 25 MistyStix. La glace s\u00e8che n&#8217;est pas incluse. <\/p>\n<p>Pour les d\u00e9taillants de glace s\u00e8che et les partenaires MistyStix, <a href=\"https:\/\/mistystix.com\/mistystix-distributors\/#services\" target=\"_blank\" rel=\"noopener\">veuillez cliquer ici.<\/a><\/p>\n<\/div>\n<\/div>\n","protected":false},"featured_media":17982,"template":"","meta":[],"product_brand":[],"product_cat":[636,508],"product_tag":[643,644,637,642,638,639,645,640,641],"class_list":{"0":"post-24586","1":"product","2":"type-product","3":"status-publish","4":"has-post-thumbnail","6":"product_cat-mistystix-fr","7":"product_cat-tous","8":"product_tag-boissons-fumantes","9":"product_tag-boissons-volcaniques","10":"product_tag-carbo-glace-fr","11":"product_tag-cocktails-pour-fumeurs","12":"product_tag-glace-seche","13":"product_tag-halloween-fr","14":"product_tag-mariages","15":"product_tag-mistystix-fr","16":"product_tag-parti","17":"product_shipping_class-cartons-fr","19":"first","20":"instock","21":"taxable","22":"shipping-taxable","23":"purchasable","24":"product-type-simple"},"etheme_brands":{"errors":{"invalid_taxonomy":["Taxonomie non valide."]},"error_data":[]},"yoast_head":"<!-- This site is optimized with the Yoast SEO plugin v27.3 - https:\/\/yoast.com\/product\/yoast-seo-wordpress\/ -->\n<title>MistyStix - 1 bo\u00eete (250 unit\u00e9s) - NTS Europe<\/title>\n<meta name=\"robots\" content=\"index, follow, max-snippet:-1, max-image-preview:large, max-video-preview:-1\" \/>\n<link rel=\"canonical\" href=\"https:\/\/nts-europe.eu\/shop\/mistystix-1-box-250-units\/\" \/>\n<meta property=\"og:locale\" content=\"fr_FR\" \/>\n<meta property=\"og:type\" content=\"article\" \/>\n<meta property=\"og:title\" content=\"MistyStix - 1 bo\u00eete (250 unit\u00e9s) - NTS Europe\" \/>\n<meta property=\"og:description\" content=\"MistyStix - b\u00e2tonnets \u00e0 cocktail r\u00e9utilisables, r\u00e9sistants au lave-vaisselle et certifi\u00e9s de qualit\u00e9 alimentaire, pouvant contenir une pastille de glace carbonique qui commencera imm\u00e9diatement \u00e0 br\u00fbler lorsque vous l&#039;ins\u00e9rerez dans votre cocktail.  Bo\u00eete de 10 paquets, chaque paquet contenant 25 MistyStix. La glace s\u00e8che n&#039;est pas incluse.   Pour les d\u00e9taillants de glace s\u00e8che et les partenaires MistyStix, veuillez cliquer ici.\" \/>\n<meta property=\"og:url\" content=\"https:\/\/nts-europe.eu\/shop\/mistystix-1-box-250-units\/\" \/>\n<meta property=\"og:site_name\" content=\"NTS Europe\" \/>\n<meta property=\"article:publisher\" content=\"https:\/\/www.facebook.com\/ntseurope\/\" \/>\n<meta property=\"article:modified_time\" content=\"2026-03-11T09:22:57+00:00\" \/>\n<meta property=\"og:image\" content=\"https:\/\/nts-europe.eu\/wp-content\/uploads\/2024\/08\/Box-of-10-packs-of-MistyStix-1.jpg\" \/>\n\t<meta property=\"og:image:width\" content=\"1000\" \/>\n\t<meta property=\"og:image:height\" content=\"1000\" \/>\n\t<meta property=\"og:image:type\" content=\"image\/jpeg\" \/>\n<meta name=\"twitter:card\" content=\"summary_large_image\" \/>\n<meta name=\"twitter:site\" content=\"@ntseurope\" \/>\n<meta name=\"twitter:label1\" content=\"Dur\u00e9e de lecture estim\u00e9e\" \/>\n\t<meta name=\"twitter:data1\" content=\"1 minute\" \/>\n<script type=\"application\/ld+json\" class=\"yoast-schema-graph\">{\"@context\":\"https:\\\/\\\/schema.org\",\"@graph\":[{\"@type\":\"WebPage\",\"@id\":\"https:\\\/\\\/nts-europe.eu\\\/shop\\\/mistystix-1-box-250-units\\\/\",\"url\":\"https:\\\/\\\/nts-europe.eu\\\/shop\\\/mistystix-1-box-250-units\\\/\",\"name\":\"MistyStix - 1 bo\u00eete (250 unit\u00e9s) - NTS Europe\",\"isPartOf\":{\"@id\":\"https:\\\/\\\/nts-europe.eu\\\/#website\"},\"primaryImageOfPage\":{\"@id\":\"https:\\\/\\\/nts-europe.eu\\\/shop\\\/mistystix-1-box-250-units\\\/#primaryimage\"},\"image\":{\"@id\":\"https:\\\/\\\/nts-europe.eu\\\/shop\\\/mistystix-1-box-250-units\\\/#primaryimage\"},\"thumbnailUrl\":\"https:\\\/\\\/nts-europe.eu\\\/wp-content\\\/uploads\\\/2024\\\/08\\\/Box-of-10-packs-of-MistyStix-1.jpg\",\"datePublished\":\"2024-09-26T15:53:51+00:00\",\"dateModified\":\"2026-03-11T09:22:57+00:00\",\"breadcrumb\":{\"@id\":\"https:\\\/\\\/nts-europe.eu\\\/shop\\\/mistystix-1-box-250-units\\\/#breadcrumb\"},\"inLanguage\":\"fr-FR\",\"potentialAction\":[{\"@type\":\"ReadAction\",\"target\":[\"https:\\\/\\\/nts-europe.eu\\\/shop\\\/mistystix-1-box-250-units\\\/\"]}]},{\"@type\":\"ImageObject\",\"inLanguage\":\"fr-FR\",\"@id\":\"https:\\\/\\\/nts-europe.eu\\\/shop\\\/mistystix-1-box-250-units\\\/#primaryimage\",\"url\":\"https:\\\/\\\/nts-europe.eu\\\/wp-content\\\/uploads\\\/2024\\\/08\\\/Box-of-10-packs-of-MistyStix-1.jpg\",\"contentUrl\":\"https:\\\/\\\/nts-europe.eu\\\/wp-content\\\/uploads\\\/2024\\\/08\\\/Box-of-10-packs-of-MistyStix-1.jpg\",\"width\":1000,\"height\":1000,\"caption\":\"Une bo\u00eete de 250 MistyStix\"},{\"@type\":\"BreadcrumbList\",\"@id\":\"https:\\\/\\\/nts-europe.eu\\\/shop\\\/mistystix-1-box-250-units\\\/#breadcrumb\",\"itemListElement\":[{\"@type\":\"ListItem\",\"position\":1,\"name\":\"Accueil\",\"item\":\"https:\\\/\\\/nts-europe.eu\\\/fr\\\/nts-europe\\\/\"},{\"@type\":\"ListItem\",\"position\":2,\"name\":\"Shop\",\"item\":\"https:\\\/\\\/nts-europe.eu\\\/shop\\\/\"},{\"@type\":\"ListItem\",\"position\":3,\"name\":\"MistyStix &#8211; 1 bo\u00eete (250 unit\u00e9s)\"}]},{\"@type\":\"WebSite\",\"@id\":\"https:\\\/\\\/nts-europe.eu\\\/#website\",\"url\":\"https:\\\/\\\/nts-europe.eu\\\/\",\"name\":\"NTS Europe\",\"description\":\"Home of Tear-Aid, MistyStix, MistyBubbles and KlipSkis\",\"publisher\":{\"@id\":\"https:\\\/\\\/nts-europe.eu\\\/#organization\"},\"potentialAction\":[{\"@type\":\"SearchAction\",\"target\":{\"@type\":\"EntryPoint\",\"urlTemplate\":\"https:\\\/\\\/nts-europe.eu\\\/?s={search_term_string}\"},\"query-input\":{\"@type\":\"PropertyValueSpecification\",\"valueRequired\":true,\"valueName\":\"search_term_string\"}}],\"inLanguage\":\"fr-FR\"},{\"@type\":\"Organization\",\"@id\":\"https:\\\/\\\/nts-europe.eu\\\/#organization\",\"name\":\"NTS Europe\",\"url\":\"https:\\\/\\\/nts-europe.eu\\\/\",\"logo\":{\"@type\":\"ImageObject\",\"inLanguage\":\"fr-FR\",\"@id\":\"https:\\\/\\\/nts-europe.eu\\\/#\\\/schema\\\/logo\\\/image\\\/\",\"url\":\"https:\\\/\\\/nts-europe.eu\\\/wp-content\\\/uploads\\\/2024\\\/08\\\/nts-logo-2012-transparent-retina-tight-1.png\",\"contentUrl\":\"https:\\\/\\\/nts-europe.eu\\\/wp-content\\\/uploads\\\/2024\\\/08\\\/nts-logo-2012-transparent-retina-tight-1.png\",\"width\":1025,\"height\":690,\"caption\":\"NTS Europe\"},\"image\":{\"@id\":\"https:\\\/\\\/nts-europe.eu\\\/#\\\/schema\\\/logo\\\/image\\\/\"},\"sameAs\":[\"https:\\\/\\\/www.facebook.com\\\/ntseurope\\\/\",\"https:\\\/\\\/x.com\\\/ntseurope\"]}]}<\/script>\n<!-- \/ Yoast SEO plugin. -->","yoast_head_json":{"title":"MistyStix - 1 bo\u00eete (250 unit\u00e9s) - NTS Europe","robots":{"index":"index","follow":"follow","max-snippet":"max-snippet:-1","max-image-preview":"max-image-preview:large","max-video-preview":"max-video-preview:-1"},"canonical":"https:\/\/nts-europe.eu\/shop\/mistystix-1-box-250-units\/","og_locale":"fr_FR","og_type":"article","og_title":"MistyStix - 1 bo\u00eete (250 unit\u00e9s) - NTS Europe","og_description":"MistyStix - b\u00e2tonnets \u00e0 cocktail r\u00e9utilisables, r\u00e9sistants au lave-vaisselle et certifi\u00e9s de qualit\u00e9 alimentaire, pouvant contenir une pastille de glace carbonique qui commencera imm\u00e9diatement \u00e0 br\u00fbler lorsque vous l'ins\u00e9rerez dans votre cocktail.  Bo\u00eete de 10 paquets, chaque paquet contenant 25 MistyStix. La glace s\u00e8che n'est pas incluse.   Pour les d\u00e9taillants de glace s\u00e8che et les partenaires MistyStix, veuillez cliquer ici.","og_url":"https:\/\/nts-europe.eu\/shop\/mistystix-1-box-250-units\/","og_site_name":"NTS Europe","article_publisher":"https:\/\/www.facebook.com\/ntseurope\/","article_modified_time":"2026-03-11T09:22:57+00:00","og_image":[{"width":1000,"height":1000,"url":"https:\/\/nts-europe.eu\/wp-content\/uploads\/2024\/08\/Box-of-10-packs-of-MistyStix-1.jpg","type":"image\/jpeg"}],"twitter_card":"summary_large_image","twitter_site":"@ntseurope","twitter_misc":{"Dur\u00e9e de lecture estim\u00e9e":"1 minute"},"schema":{"@context":"https:\/\/schema.org","@graph":[{"@type":"WebPage","@id":"https:\/\/nts-europe.eu\/shop\/mistystix-1-box-250-units\/","url":"https:\/\/nts-europe.eu\/shop\/mistystix-1-box-250-units\/","name":"MistyStix - 1 bo\u00eete (250 unit\u00e9s) - NTS Europe","isPartOf":{"@id":"https:\/\/nts-europe.eu\/#website"},"primaryImageOfPage":{"@id":"https:\/\/nts-europe.eu\/shop\/mistystix-1-box-250-units\/#primaryimage"},"image":{"@id":"https:\/\/nts-europe.eu\/shop\/mistystix-1-box-250-units\/#primaryimage"},"thumbnailUrl":"https:\/\/nts-europe.eu\/wp-content\/uploads\/2024\/08\/Box-of-10-packs-of-MistyStix-1.jpg","datePublished":"2024-09-26T15:53:51+00:00","dateModified":"2026-03-11T09:22:57+00:00","breadcrumb":{"@id":"https:\/\/nts-europe.eu\/shop\/mistystix-1-box-250-units\/#breadcrumb"},"inLanguage":"fr-FR","potentialAction":[{"@type":"ReadAction","target":["https:\/\/nts-europe.eu\/shop\/mistystix-1-box-250-units\/"]}]},{"@type":"ImageObject","inLanguage":"fr-FR","@id":"https:\/\/nts-europe.eu\/shop\/mistystix-1-box-250-units\/#primaryimage","url":"https:\/\/nts-europe.eu\/wp-content\/uploads\/2024\/08\/Box-of-10-packs-of-MistyStix-1.jpg","contentUrl":"https:\/\/nts-europe.eu\/wp-content\/uploads\/2024\/08\/Box-of-10-packs-of-MistyStix-1.jpg","width":1000,"height":1000,"caption":"Une bo\u00eete de 250 MistyStix"},{"@type":"BreadcrumbList","@id":"https:\/\/nts-europe.eu\/shop\/mistystix-1-box-250-units\/#breadcrumb","itemListElement":[{"@type":"ListItem","position":1,"name":"Accueil","item":"https:\/\/nts-europe.eu\/fr\/nts-europe\/"},{"@type":"ListItem","position":2,"name":"Shop","item":"https:\/\/nts-europe.eu\/shop\/"},{"@type":"ListItem","position":3,"name":"MistyStix &#8211; 1 bo\u00eete (250 unit\u00e9s)"}]},{"@type":"WebSite","@id":"https:\/\/nts-europe.eu\/#website","url":"https:\/\/nts-europe.eu\/","name":"NTS Europe","description":"Home of Tear-Aid, MistyStix, MistyBubbles and KlipSkis","publisher":{"@id":"https:\/\/nts-europe.eu\/#organization"},"potentialAction":[{"@type":"SearchAction","target":{"@type":"EntryPoint","urlTemplate":"https:\/\/nts-europe.eu\/?s={search_term_string}"},"query-input":{"@type":"PropertyValueSpecification","valueRequired":true,"valueName":"search_term_string"}}],"inLanguage":"fr-FR"},{"@type":"Organization","@id":"https:\/\/nts-europe.eu\/#organization","name":"NTS Europe","url":"https:\/\/nts-europe.eu\/","logo":{"@type":"ImageObject","inLanguage":"fr-FR","@id":"https:\/\/nts-europe.eu\/#\/schema\/logo\/image\/","url":"https:\/\/nts-europe.eu\/wp-content\/uploads\/2024\/08\/nts-logo-2012-transparent-retina-tight-1.png","contentUrl":"https:\/\/nts-europe.eu\/wp-content\/uploads\/2024\/08\/nts-logo-2012-transparent-retina-tight-1.png","width":1025,"height":690,"caption":"NTS Europe"},"image":{"@id":"https:\/\/nts-europe.eu\/#\/schema\/logo\/image\/"},"sameAs":["https:\/\/www.facebook.com\/ntseurope\/","https:\/\/x.com\/ntseurope"]}]}},"jetpack_sharing_enabled":true,"_links":{"self":[{"href":"https:\/\/nts-europe.eu\/fr\/wp-json\/wp\/v2\/product\/24586","targetHints":{"allow":["GET"]}}],"collection":[{"href":"https:\/\/nts-europe.eu\/fr\/wp-json\/wp\/v2\/product"}],"about":[{"href":"https:\/\/nts-europe.eu\/fr\/wp-json\/wp\/v2\/types\/product"}],"version-history":[{"count":1,"href":"https:\/\/nts-europe.eu\/fr\/wp-json\/wp\/v2\/product\/24586\/revisions"}],"predecessor-version":[{"id":24587,"href":"https:\/\/nts-europe.eu\/fr\/wp-json\/wp\/v2\/product\/24586\/revisions\/24587"}],"wp:featuredmedia":[{"embeddable":true,"href":"https:\/\/nts-europe.eu\/fr\/wp-json\/wp\/v2\/media\/17982"}],"wp:attachment":[{"href":"https:\/\/nts-europe.eu\/fr\/wp-json\/wp\/v2\/media?parent=24586"}],"wp:term":[{"taxonomy":"product_brand","embeddable":true,"href":"https:\/\/nts-europe.eu\/fr\/wp-json\/wp\/v2\/product_brand?post=24586"},{"taxonomy":"product_cat","embeddable":true,"href":"https:\/\/nts-europe.eu\/fr\/wp-json\/wp\/v2\/product_cat?post=24586"},{"taxonomy":"product_tag","embeddable":true,"href":"https:\/\/nts-europe.eu\/fr\/wp-json\/wp\/v2\/product_tag?post=24586"}],"curies":[{"name":"wp","href":"https:\/\/api.w.org\/{rel}","templated":true}]}}