{"id":24730,"date":"2025-04-22T11:59:59","date_gmt":"2025-04-22T11:59:59","guid":{"rendered":"https:\/\/nts-europe.eu\/shop\/bulles-de-brume-boite-de-3\/"},"modified":"2025-10-28T16:15:45","modified_gmt":"2025-10-28T16:15:45","slug":"bulles-de-brume-boite-de-3","status":"publish","type":"product","link":"https:\/\/nts-europe.eu\/fr\/shop\/bulles-de-brume-boite-de-3\/","title":{"rendered":"Bulles de brume &#8211; Bo\u00eete de 3"},"content":{"rendered":"\t\t<div data-elementor-type=\"product-post\" data-elementor-id=\"24730\" class=\"elementor elementor-24730\" data-elementor-post-type=\"product\">\n\t\t\t\t<div class=\"elementor-element elementor-element-4f261936 e-flex e-con-boxed e-con e-parent\" data-id=\"4f261936\" data-element_type=\"container\" data-e-type=\"container\">\n\t\t\t\t\t<div class=\"e-con-inner\">\n\t\t\t\t<div class=\"elementor-element elementor-element-59a4be8a elementor-widget elementor-widget-text-editor\" data-id=\"59a4be8a\" data-element_type=\"widget\" data-e-type=\"widget\" data-widget_type=\"text-editor.default\">\n\t\t\t\t<div class=\"elementor-widget-container\">\n\t\t\t\t\t\t\t\t\t<p><img loading=\"lazy\" loading=\"lazy\" decoding=\"async\" src=\"https:\/\/nts-europe.eu\/wp-content\/uploads\/2024\/08\/misty-bubble-logo-071123-768x241.png\" sizes=\"auto, (max-width: 768px) 100vw, 768px\" srcset=\"https:\/\/nts-europe.eu\/wp-content\/uploads\/2024\/08\/misty-bubble-logo-071123-768x241.png 768w, https:\/\/nts-europe.eu\/wp-content\/uploads\/2024\/08\/misty-bubble-logo-071123-300x94.png 300w, https:\/\/nts-europe.eu\/wp-content\/uploads\/2024\/08\/misty-bubble-logo-071123-1024x322.png 1024w, https:\/\/nts-europe.eu\/wp-content\/uploads\/2024\/08\/misty-bubble-logo-071123-600x188.png 600w, https:\/\/nts-europe.eu\/wp-content\/uploads\/2024\/08\/misty-bubble-logo-071123-1x1.png 1w, https:\/\/nts-europe.eu\/wp-content\/uploads\/2024\/08\/misty-bubble-logo-071123-10x3.png 10w, https:\/\/nts-europe.eu\/wp-content\/uploads\/2024\/08\/misty-bubble-logo-071123.png 1280w\" alt=\"MistyBubbles\" width=\"768\" height=\"241\"><\/p><p><strong>Les MistyStix transforment n&#8217;importe quel cocktail en un \u00e9v\u00e9nement enflamm\u00e9, excitant et atmosph\u00e9rique dont vous vous souviendrez pendant des ann\u00e9es.<\/strong><\/p><p>Les MistyStix sont des b\u00e2tonnets \u00e0 cocktail r\u00e9utilisables, r\u00e9sistants au lave-vaisselle et certifi\u00e9s de qualit\u00e9 alimentaire. Ils peuvent contenir une pastille de glace carbonique qui commencera imm\u00e9diatement \u00e0 br\u00fbler lorsque vous fixerez solidement le MistyStix sur le bord du verre.<\/p><p><strong>Disponibles en transparent, ils s&#8217;adaptent \u00e0 toutes les occasions !<\/strong><\/p><p>Ils sont totalement s\u00fbrs lorsqu&#8217;ils sont utilis\u00e9s en suivant les instructions fournies avec chaque paquet ; n&#8217;oubliez pas de commander votre glace s\u00e8che aupr\u00e8s de votre fournisseur habituel <a href=\"https:\/\/mistystix.com\/mistystix-distributors\/\" target=\"_blank\" rel=\"noopener\">ou de l&#8217;un de nos revendeurs partenaires.<\/a><\/p><p><strong>Quelle est l&#8217;occasion ? Quoi qu&#8217;il en soit, n&#8217;oubliez pas d&#8217;inviter MistyStix !<\/strong><\/p><p>Hallowe&#8217;en est l&#8217;occasion \u00e9vidente qui vient \u00e0 l&#8217;esprit, mais qu&#8217;est-ce qui vous emp\u00eache d&#8217;organiser une soir\u00e9e effrayante quelle que soit la p\u00e9riode de l&#8217;ann\u00e9e ?<\/p><p>Mariages, anniversaires, bar mitzvahs, bapt\u00eames, hanukkah, fin du ramadan, passage \u00e0 l&#8217;\u00e2ge adulte, la liste n&#8217;en finit pas de s&#8217;allonger, et quelle meilleure fa\u00e7on de f\u00eater l&#8217;\u00e9v\u00e9nement qu&#8217;avec une boisson de votre choix et en ajoutant nos MistyStix \u00e0 la liste des invit\u00e9s ?<\/p><p><strong>Les MistyStix sont des agitateurs de boissons diff\u00e9rents : ils transforment vos cocktails pr\u00e9f\u00e9r\u00e9s en d\u00e9lices brumeux.<\/strong><\/p><p>Margarita, Caipirina, Mojito, Pi\u00f1a Colada, Tequila Sunrise, Daiquiri, Kamikaze, Negroni&#8230;<\/p><p>Quelle que soit votre passion ou celle de vos clients, inviter MistyStix \u00e0 la f\u00eate ne manquera pas d&#8217;ajouter un peu de piquant \u00e0 l&#8217;occasion.<\/p><p>Pour plus d&#8217;informations sur les MistyStix et leur utilisation, <a href=\"https:\/\/mistystix.com\/about-mistystix\/\" target=\"_blank\" rel=\"noopener\">cliquez ici<\/a>!<\/p>\t\t\t\t\t\t\t\t<\/div>\n\t\t\t\t<\/div>\n\t\t\t\t\t<\/div>\n\t\t\t\t<\/div>\n\t\t\t\t<\/div>\n\t\t","protected":false},"excerpt":{"rendered":"<div class=\"elementor-element elementor-element-13d31a8b elementor-widget elementor-widget-text-editor\" data-id=\"13d31a8b\" data-element_type=\"widget\" data-widget_type=\"text-editor.default\">\n<div class=\"elementor-widget-container\">\n<p><img loading=\"lazy\" loading=\"lazy\" decoding=\"async\" class=\"alignnone wp-image-10356 size-medium\" src=\"https:\/\/nts-europe.eu\/wp-content\/uploads\/2024\/08\/misty-bubble-logo-071123-300x94.png\" alt=\"MistyBubble\" width=\"300\" height=\"94\"><\/p>\n<p>Des &#8220;bulles&#8221; enti\u00e8rement r\u00e9utilisables, certifi\u00e9es de qualit\u00e9 alimentaire, qui peuvent contenir une pastille de glace carbonique qui commencera imm\u00e9diatement \u00e0 br\u00fbler lorsque vous les ins\u00e9rerez dans vos cocktails.<\/p>\n<p>Ins\u00e9rez votre pellet de glace s\u00e8che, fermez le couvercle, appuyez sur le bouton de la base \u00e0 plusieurs reprises jusqu&#8217;\u00e0 ce que vous obteniez la couleur souhait\u00e9e, puis versez-la dans votre boisson et servez !<\/p>\n<p>Astuce, la derni\u00e8re pression sur le bouton permet de s\u00e9lectionner un effet arc-en-ciel. La MistyBubble passe automatiquement d&#8217;une couleur \u00e0 l&#8217;autre au fur et \u00e0 mesure qu&#8217;elle parcourt le spectre complet des couleurs disponibles. <\/p>\n<p>Une bo\u00eete contient 3 MistyBubbles. La glace s\u00e8che n&#8217;est pas incluse. <\/p>\n<p>Pour les d\u00e9taillants de glace s\u00e8che et les partenaires MistyStix, <a href=\"https:\/\/mistystix.com\/mistystix-distributors\/#services\" target=\"_blank\" rel=\"noopener\">veuillez cliquer ici.<\/a><\/p>\n<\/div>\n<\/div>\n","protected":false},"featured_media":18362,"template":"","meta":[],"product_brand":[],"product_cat":[879,508],"product_tag":[643,644,637,642,638,639,645,866,640,641],"class_list":{"0":"post-24730","1":"product","2":"type-product","3":"status-publish","4":"has-post-thumbnail","6":"product_cat-mistybubble","7":"product_cat-tous","8":"product_tag-boissons-fumantes","9":"product_tag-boissons-volcaniques","10":"product_tag-carbo-glace-fr","11":"product_tag-cocktails-pour-fumeurs","12":"product_tag-glace-seche","13":"product_tag-halloween-fr","14":"product_tag-mariages","15":"product_tag-mistybubble","16":"product_tag-mistystix-fr","17":"product_tag-parti","18":"product_shipping_class-petits-paquets","20":"first","21":"instock","22":"taxable","23":"shipping-taxable","24":"purchasable","25":"product-type-simple"},"etheme_brands":{"errors":{"invalid_taxonomy":["Taxonomie non valide."]},"error_data":[]},"yoast_head":"<!-- This site is optimized with the Yoast SEO plugin v27.3 - https:\/\/yoast.com\/product\/yoast-seo-wordpress\/ -->\n<title>Bulles de brume - Bo\u00eete de 3 - NTS Europe<\/title>\n<meta name=\"robots\" content=\"index, follow, max-snippet:-1, max-image-preview:large, max-video-preview:-1\" \/>\n<link rel=\"canonical\" href=\"https:\/\/nts-europe.eu\/fr\/shop\/bulles-de-brume-boite-de-3\/\" \/>\n<meta property=\"og:locale\" content=\"fr_FR\" \/>\n<meta property=\"og:type\" content=\"article\" \/>\n<meta property=\"og:title\" content=\"Bulles de brume - Bo\u00eete de 3 - NTS Europe\" \/>\n<meta property=\"og:description\" content=\"Des &quot;bulles&quot; enti\u00e8rement r\u00e9utilisables, certifi\u00e9es de qualit\u00e9 alimentaire, qui peuvent contenir une pastille de glace carbonique qui commencera imm\u00e9diatement \u00e0 br\u00fbler lorsque vous les ins\u00e9rerez dans vos cocktails.  Ins\u00e9rez votre pellet de glace s\u00e8che, fermez le couvercle, appuyez sur le bouton de la base \u00e0 plusieurs reprises jusqu&#039;\u00e0 ce que vous obteniez la couleur souhait\u00e9e, puis versez-la dans votre boisson et servez !  Astuce, la derni\u00e8re pression sur le bouton permet de s\u00e9lectionner un effet arc-en-ciel. La MistyBubble passe automatiquement d&#039;une couleur \u00e0 l&#039;autre au fur et \u00e0 mesure qu&#039;elle parcourt le spectre complet des couleurs disponibles.   Une bo\u00eete contient 3 MistyBubbles. La glace s\u00e8che n&#039;est pas incluse.   Pour les d\u00e9taillants de glace s\u00e8che et les partenaires MistyStix, veuillez cliquer ici.\" \/>\n<meta property=\"og:url\" content=\"https:\/\/nts-europe.eu\/fr\/shop\/bulles-de-brume-boite-de-3\/\" \/>\n<meta property=\"og:site_name\" content=\"NTS Europe\" \/>\n<meta property=\"article:publisher\" content=\"https:\/\/www.facebook.com\/ntseurope\/\" \/>\n<meta property=\"article:modified_time\" content=\"2025-10-28T16:15:45+00:00\" \/>\n<meta property=\"og:image\" content=\"https:\/\/nts-europe.eu\/wp-content\/uploads\/2024\/08\/mistybubble-3-box-2-1.jpg\" \/>\n\t<meta property=\"og:image:width\" content=\"1000\" \/>\n\t<meta property=\"og:image:height\" content=\"1000\" \/>\n\t<meta property=\"og:image:type\" content=\"image\/jpeg\" \/>\n<meta name=\"twitter:card\" content=\"summary_large_image\" \/>\n<meta name=\"twitter:site\" content=\"@ntseurope\" \/>\n<meta name=\"twitter:label1\" content=\"Dur\u00e9e de lecture estim\u00e9e\" \/>\n\t<meta name=\"twitter:data1\" content=\"1 minute\" \/>\n<script type=\"application\/ld+json\" class=\"yoast-schema-graph\">{\"@context\":\"https:\\\/\\\/schema.org\",\"@graph\":[{\"@type\":\"WebPage\",\"@id\":\"https:\\\/\\\/nts-europe.eu\\\/fr\\\/shop\\\/bulles-de-brume-boite-de-3\\\/\",\"url\":\"https:\\\/\\\/nts-europe.eu\\\/fr\\\/shop\\\/bulles-de-brume-boite-de-3\\\/\",\"name\":\"Bulles de brume - Bo\u00eete de 3 - NTS Europe\",\"isPartOf\":{\"@id\":\"https:\\\/\\\/nts-europe.eu\\\/#website\"},\"primaryImageOfPage\":{\"@id\":\"https:\\\/\\\/nts-europe.eu\\\/fr\\\/shop\\\/bulles-de-brume-boite-de-3\\\/#primaryimage\"},\"image\":{\"@id\":\"https:\\\/\\\/nts-europe.eu\\\/fr\\\/shop\\\/bulles-de-brume-boite-de-3\\\/#primaryimage\"},\"thumbnailUrl\":\"https:\\\/\\\/nts-europe.eu\\\/wp-content\\\/uploads\\\/2024\\\/08\\\/mistybubble-3-box-2-1.jpg\",\"datePublished\":\"2025-04-22T11:59:59+00:00\",\"dateModified\":\"2025-10-28T16:15:45+00:00\",\"breadcrumb\":{\"@id\":\"https:\\\/\\\/nts-europe.eu\\\/fr\\\/shop\\\/bulles-de-brume-boite-de-3\\\/#breadcrumb\"},\"inLanguage\":\"fr-FR\",\"potentialAction\":[{\"@type\":\"ReadAction\",\"target\":[\"https:\\\/\\\/nts-europe.eu\\\/fr\\\/shop\\\/bulles-de-brume-boite-de-3\\\/\"]}]},{\"@type\":\"ImageObject\",\"inLanguage\":\"fr-FR\",\"@id\":\"https:\\\/\\\/nts-europe.eu\\\/fr\\\/shop\\\/bulles-de-brume-boite-de-3\\\/#primaryimage\",\"url\":\"https:\\\/\\\/nts-europe.eu\\\/wp-content\\\/uploads\\\/2024\\\/08\\\/mistybubble-3-box-2-1.jpg\",\"contentUrl\":\"https:\\\/\\\/nts-europe.eu\\\/wp-content\\\/uploads\\\/2024\\\/08\\\/mistybubble-3-box-2-1.jpg\",\"width\":1000,\"height\":1000,\"caption\":\"Bo\u00eete de 3 MistyBubbles\"},{\"@type\":\"BreadcrumbList\",\"@id\":\"https:\\\/\\\/nts-europe.eu\\\/fr\\\/shop\\\/bulles-de-brume-boite-de-3\\\/#breadcrumb\",\"itemListElement\":[{\"@type\":\"ListItem\",\"position\":1,\"name\":\"Accueil\",\"item\":\"https:\\\/\\\/nts-europe.eu\\\/fr\\\/nts-europe\\\/\"},{\"@type\":\"ListItem\",\"position\":2,\"name\":\"Shop\",\"item\":\"https:\\\/\\\/nts-europe.eu\\\/shop\\\/\"},{\"@type\":\"ListItem\",\"position\":3,\"name\":\"Bulles de brume &#8211; Bo\u00eete de 3\"}]},{\"@type\":\"WebSite\",\"@id\":\"https:\\\/\\\/nts-europe.eu\\\/#website\",\"url\":\"https:\\\/\\\/nts-europe.eu\\\/\",\"name\":\"NTS Europe\",\"description\":\"Home of Tear-Aid, MistyStix, MistyBubbles and KlipSkis\",\"publisher\":{\"@id\":\"https:\\\/\\\/nts-europe.eu\\\/#organization\"},\"potentialAction\":[{\"@type\":\"SearchAction\",\"target\":{\"@type\":\"EntryPoint\",\"urlTemplate\":\"https:\\\/\\\/nts-europe.eu\\\/?s={search_term_string}\"},\"query-input\":{\"@type\":\"PropertyValueSpecification\",\"valueRequired\":true,\"valueName\":\"search_term_string\"}}],\"inLanguage\":\"fr-FR\"},{\"@type\":\"Organization\",\"@id\":\"https:\\\/\\\/nts-europe.eu\\\/#organization\",\"name\":\"NTS Europe\",\"url\":\"https:\\\/\\\/nts-europe.eu\\\/\",\"logo\":{\"@type\":\"ImageObject\",\"inLanguage\":\"fr-FR\",\"@id\":\"https:\\\/\\\/nts-europe.eu\\\/#\\\/schema\\\/logo\\\/image\\\/\",\"url\":\"https:\\\/\\\/nts-europe.eu\\\/wp-content\\\/uploads\\\/2024\\\/08\\\/nts-logo-2012-transparent-retina-tight-1.png\",\"contentUrl\":\"https:\\\/\\\/nts-europe.eu\\\/wp-content\\\/uploads\\\/2024\\\/08\\\/nts-logo-2012-transparent-retina-tight-1.png\",\"width\":1025,\"height\":690,\"caption\":\"NTS Europe\"},\"image\":{\"@id\":\"https:\\\/\\\/nts-europe.eu\\\/#\\\/schema\\\/logo\\\/image\\\/\"},\"sameAs\":[\"https:\\\/\\\/www.facebook.com\\\/ntseurope\\\/\",\"https:\\\/\\\/x.com\\\/ntseurope\"]}]}<\/script>\n<!-- \/ Yoast SEO plugin. -->","yoast_head_json":{"title":"Bulles de brume - Bo\u00eete de 3 - NTS Europe","robots":{"index":"index","follow":"follow","max-snippet":"max-snippet:-1","max-image-preview":"max-image-preview:large","max-video-preview":"max-video-preview:-1"},"canonical":"https:\/\/nts-europe.eu\/fr\/shop\/bulles-de-brume-boite-de-3\/","og_locale":"fr_FR","og_type":"article","og_title":"Bulles de brume - Bo\u00eete de 3 - NTS Europe","og_description":"Des \"bulles\" enti\u00e8rement r\u00e9utilisables, certifi\u00e9es de qualit\u00e9 alimentaire, qui peuvent contenir une pastille de glace carbonique qui commencera imm\u00e9diatement \u00e0 br\u00fbler lorsque vous les ins\u00e9rerez dans vos cocktails.  Ins\u00e9rez votre pellet de glace s\u00e8che, fermez le couvercle, appuyez sur le bouton de la base \u00e0 plusieurs reprises jusqu'\u00e0 ce que vous obteniez la couleur souhait\u00e9e, puis versez-la dans votre boisson et servez !  Astuce, la derni\u00e8re pression sur le bouton permet de s\u00e9lectionner un effet arc-en-ciel. La MistyBubble passe automatiquement d'une couleur \u00e0 l'autre au fur et \u00e0 mesure qu'elle parcourt le spectre complet des couleurs disponibles.   Une bo\u00eete contient 3 MistyBubbles. La glace s\u00e8che n'est pas incluse.   Pour les d\u00e9taillants de glace s\u00e8che et les partenaires MistyStix, veuillez cliquer ici.","og_url":"https:\/\/nts-europe.eu\/fr\/shop\/bulles-de-brume-boite-de-3\/","og_site_name":"NTS Europe","article_publisher":"https:\/\/www.facebook.com\/ntseurope\/","article_modified_time":"2025-10-28T16:15:45+00:00","og_image":[{"width":1000,"height":1000,"url":"https:\/\/nts-europe.eu\/wp-content\/uploads\/2024\/08\/mistybubble-3-box-2-1.jpg","type":"image\/jpeg"}],"twitter_card":"summary_large_image","twitter_site":"@ntseurope","twitter_misc":{"Dur\u00e9e de lecture estim\u00e9e":"1 minute"},"schema":{"@context":"https:\/\/schema.org","@graph":[{"@type":"WebPage","@id":"https:\/\/nts-europe.eu\/fr\/shop\/bulles-de-brume-boite-de-3\/","url":"https:\/\/nts-europe.eu\/fr\/shop\/bulles-de-brume-boite-de-3\/","name":"Bulles de brume - Bo\u00eete de 3 - NTS Europe","isPartOf":{"@id":"https:\/\/nts-europe.eu\/#website"},"primaryImageOfPage":{"@id":"https:\/\/nts-europe.eu\/fr\/shop\/bulles-de-brume-boite-de-3\/#primaryimage"},"image":{"@id":"https:\/\/nts-europe.eu\/fr\/shop\/bulles-de-brume-boite-de-3\/#primaryimage"},"thumbnailUrl":"https:\/\/nts-europe.eu\/wp-content\/uploads\/2024\/08\/mistybubble-3-box-2-1.jpg","datePublished":"2025-04-22T11:59:59+00:00","dateModified":"2025-10-28T16:15:45+00:00","breadcrumb":{"@id":"https:\/\/nts-europe.eu\/fr\/shop\/bulles-de-brume-boite-de-3\/#breadcrumb"},"inLanguage":"fr-FR","potentialAction":[{"@type":"ReadAction","target":["https:\/\/nts-europe.eu\/fr\/shop\/bulles-de-brume-boite-de-3\/"]}]},{"@type":"ImageObject","inLanguage":"fr-FR","@id":"https:\/\/nts-europe.eu\/fr\/shop\/bulles-de-brume-boite-de-3\/#primaryimage","url":"https:\/\/nts-europe.eu\/wp-content\/uploads\/2024\/08\/mistybubble-3-box-2-1.jpg","contentUrl":"https:\/\/nts-europe.eu\/wp-content\/uploads\/2024\/08\/mistybubble-3-box-2-1.jpg","width":1000,"height":1000,"caption":"Bo\u00eete de 3 MistyBubbles"},{"@type":"BreadcrumbList","@id":"https:\/\/nts-europe.eu\/fr\/shop\/bulles-de-brume-boite-de-3\/#breadcrumb","itemListElement":[{"@type":"ListItem","position":1,"name":"Accueil","item":"https:\/\/nts-europe.eu\/fr\/nts-europe\/"},{"@type":"ListItem","position":2,"name":"Shop","item":"https:\/\/nts-europe.eu\/shop\/"},{"@type":"ListItem","position":3,"name":"Bulles de brume &#8211; Bo\u00eete de 3"}]},{"@type":"WebSite","@id":"https:\/\/nts-europe.eu\/#website","url":"https:\/\/nts-europe.eu\/","name":"NTS Europe","description":"Home of Tear-Aid, MistyStix, MistyBubbles and KlipSkis","publisher":{"@id":"https:\/\/nts-europe.eu\/#organization"},"potentialAction":[{"@type":"SearchAction","target":{"@type":"EntryPoint","urlTemplate":"https:\/\/nts-europe.eu\/?s={search_term_string}"},"query-input":{"@type":"PropertyValueSpecification","valueRequired":true,"valueName":"search_term_string"}}],"inLanguage":"fr-FR"},{"@type":"Organization","@id":"https:\/\/nts-europe.eu\/#organization","name":"NTS Europe","url":"https:\/\/nts-europe.eu\/","logo":{"@type":"ImageObject","inLanguage":"fr-FR","@id":"https:\/\/nts-europe.eu\/#\/schema\/logo\/image\/","url":"https:\/\/nts-europe.eu\/wp-content\/uploads\/2024\/08\/nts-logo-2012-transparent-retina-tight-1.png","contentUrl":"https:\/\/nts-europe.eu\/wp-content\/uploads\/2024\/08\/nts-logo-2012-transparent-retina-tight-1.png","width":1025,"height":690,"caption":"NTS Europe"},"image":{"@id":"https:\/\/nts-europe.eu\/#\/schema\/logo\/image\/"},"sameAs":["https:\/\/www.facebook.com\/ntseurope\/","https:\/\/x.com\/ntseurope"]}]}},"jetpack_sharing_enabled":true,"_links":{"self":[{"href":"https:\/\/nts-europe.eu\/fr\/wp-json\/wp\/v2\/product\/24730","targetHints":{"allow":["GET"]}}],"collection":[{"href":"https:\/\/nts-europe.eu\/fr\/wp-json\/wp\/v2\/product"}],"about":[{"href":"https:\/\/nts-europe.eu\/fr\/wp-json\/wp\/v2\/types\/product"}],"version-history":[{"count":3,"href":"https:\/\/nts-europe.eu\/fr\/wp-json\/wp\/v2\/product\/24730\/revisions"}],"predecessor-version":[{"id":24821,"href":"https:\/\/nts-europe.eu\/fr\/wp-json\/wp\/v2\/product\/24730\/revisions\/24821"}],"wp:featuredmedia":[{"embeddable":true,"href":"https:\/\/nts-europe.eu\/fr\/wp-json\/wp\/v2\/media\/18362"}],"wp:attachment":[{"href":"https:\/\/nts-europe.eu\/fr\/wp-json\/wp\/v2\/media?parent=24730"}],"wp:term":[{"taxonomy":"product_brand","embeddable":true,"href":"https:\/\/nts-europe.eu\/fr\/wp-json\/wp\/v2\/product_brand?post=24730"},{"taxonomy":"product_cat","embeddable":true,"href":"https:\/\/nts-europe.eu\/fr\/wp-json\/wp\/v2\/product_cat?post=24730"},{"taxonomy":"product_tag","embeddable":true,"href":"https:\/\/nts-europe.eu\/fr\/wp-json\/wp\/v2\/product_tag?post=24730"}],"curies":[{"name":"wp","href":"https:\/\/api.w.org\/{rel}","templated":true}]}}