{"id":24967,"date":"2024-09-26T15:53:49","date_gmt":"2024-09-26T15:53:49","guid":{"rendered":"https:\/\/nts-europe.eu\/shop\/tear-aid-type-b-kit-de-reparation-pour-le-vinyle-et-le-pvc\/"},"modified":"2024-09-26T15:53:49","modified_gmt":"2024-09-26T15:53:49","slug":"tear-aid-type-b-kit-de-reparation-pour-le-vinyle-et-le-pvc","status":"publish","type":"product","link":"https:\/\/nts-europe.eu\/fr\/shop\/tear-aid-type-b-kit-de-reparation-pour-le-vinyle-et-le-pvc\/","title":{"rendered":"Tear-Aid Type B Kit de r\u00e9paration pour le vinyle et le PVC"},"content":{"rendered":"<p>Jeu de trois patchs de type B pour la r\u00e9paration du PVC et du vinyle uniquement. Autocollants, enti\u00e8rement \u00e9lastiques pour des r\u00e9parations permanentes. <\/p>\n","protected":false},"excerpt":{"rendered":"<p>Tear-Aid\u00ae Type B est sp\u00e9cialement formul\u00e9 pour r\u00e9parer les trous et les d\u00e9chirures dans le PVC et le vinyle et les articles qui ont un rev\u00eatement en PVC ou en vinyle.<\/p>\n<p>Ce paquet pratique contient trois patchs de tailles diff\u00e9rentes, dont le plus grand peut \u00eatre coup\u00e9 \u00e0 la taille et \u00e0 la forme voulues, ce qui permet de n&#8217;utiliser que la quantit\u00e9 dont vous avez besoin.<\/p>\n","protected":false},"featured_media":17918,"template":"","meta":[],"product_brand":[],"product_cat":[768,769,800,508],"product_tag":[773,774],"class_list":{"0":"post-24967","1":"product","2":"type-product","3":"status-publish","4":"has-post-thumbnail","6":"product_cat-aides-a-la-dechirure","7":"product_cat-aides-a-la-dechirure-de-type-b","8":"product_cat-lessentiel","9":"product_cat-tous","10":"product_tag-aides-a-la-dechirure","11":"product_tag-type-b-fr","12":"product_shipping_class-enveloppe","14":"first","15":"instock","16":"sale","17":"taxable","18":"shipping-taxable","19":"purchasable","20":"product-type-simple"},"etheme_brands":{"errors":{"invalid_taxonomy":["Taxonomie non valide."]},"error_data":[]},"yoast_head":"<!-- This site is optimized with the Yoast SEO plugin v27.3 - https:\/\/yoast.com\/product\/yoast-seo-wordpress\/ -->\n<title>Tear-Aid Type B Kit de r\u00e9paration pour le vinyle et le PVC - NTS Europe<\/title>\n<meta name=\"robots\" content=\"index, follow, max-snippet:-1, max-image-preview:large, max-video-preview:-1\" \/>\n<link rel=\"canonical\" href=\"https:\/\/nts-europe.eu\/fr\/shop\/tear-aid-type-b-kit-de-reparation-pour-le-vinyle-et-le-pvc\/\" \/>\n<meta property=\"og:locale\" content=\"fr_FR\" \/>\n<meta property=\"og:type\" content=\"article\" \/>\n<meta property=\"og:title\" content=\"Tear-Aid Type B Kit de r\u00e9paration pour le vinyle et le PVC - NTS Europe\" \/>\n<meta property=\"og:description\" content=\"Tear-Aid\u00ae Type B est sp\u00e9cialement formul\u00e9 pour r\u00e9parer les trous et les d\u00e9chirures dans le PVC et le vinyle et les articles qui ont un rev\u00eatement en PVC ou en vinyle. Ce paquet pratique contient trois patchs de tailles diff\u00e9rentes, dont le plus grand peut \u00eatre coup\u00e9 \u00e0 la taille et \u00e0 la forme voulues, ce qui permet de n&#039;utiliser que la quantit\u00e9 dont vous avez besoin.\" \/>\n<meta property=\"og:url\" content=\"https:\/\/nts-europe.eu\/fr\/shop\/tear-aid-type-b-kit-de-reparation-pour-le-vinyle-et-le-pvc\/\" \/>\n<meta property=\"og:site_name\" content=\"NTS Europe\" \/>\n<meta property=\"article:publisher\" content=\"https:\/\/www.facebook.com\/ntseurope\/\" \/>\n<meta property=\"og:image\" content=\"https:\/\/nts-europe.eu\/wp-content\/uploads\/2024\/08\/2024-TA-Product-Image-TA-B-PK-1.jpg\" \/>\n\t<meta property=\"og:image:width\" content=\"1000\" \/>\n\t<meta property=\"og:image:height\" content=\"1000\" \/>\n\t<meta property=\"og:image:type\" content=\"image\/jpeg\" \/>\n<meta name=\"twitter:card\" content=\"summary_large_image\" \/>\n<meta name=\"twitter:site\" content=\"@ntseurope\" \/>\n<script type=\"application\/ld+json\" class=\"yoast-schema-graph\">{\"@context\":\"https:\\\/\\\/schema.org\",\"@graph\":[{\"@type\":\"WebPage\",\"@id\":\"https:\\\/\\\/nts-europe.eu\\\/fr\\\/shop\\\/tear-aid-type-b-kit-de-reparation-pour-le-vinyle-et-le-pvc\\\/\",\"url\":\"https:\\\/\\\/nts-europe.eu\\\/fr\\\/shop\\\/tear-aid-type-b-kit-de-reparation-pour-le-vinyle-et-le-pvc\\\/\",\"name\":\"Tear-Aid Type B Kit de r\u00e9paration pour le vinyle et le PVC - NTS Europe\",\"isPartOf\":{\"@id\":\"https:\\\/\\\/nts-europe.eu\\\/#website\"},\"primaryImageOfPage\":{\"@id\":\"https:\\\/\\\/nts-europe.eu\\\/fr\\\/shop\\\/tear-aid-type-b-kit-de-reparation-pour-le-vinyle-et-le-pvc\\\/#primaryimage\"},\"image\":{\"@id\":\"https:\\\/\\\/nts-europe.eu\\\/fr\\\/shop\\\/tear-aid-type-b-kit-de-reparation-pour-le-vinyle-et-le-pvc\\\/#primaryimage\"},\"thumbnailUrl\":\"https:\\\/\\\/nts-europe.eu\\\/wp-content\\\/uploads\\\/2024\\\/08\\\/2024-TA-Product-Image-TA-B-PK-1.jpg\",\"datePublished\":\"2024-09-26T15:53:49+00:00\",\"breadcrumb\":{\"@id\":\"https:\\\/\\\/nts-europe.eu\\\/fr\\\/shop\\\/tear-aid-type-b-kit-de-reparation-pour-le-vinyle-et-le-pvc\\\/#breadcrumb\"},\"inLanguage\":\"fr-FR\",\"potentialAction\":[{\"@type\":\"ReadAction\",\"target\":[\"https:\\\/\\\/nts-europe.eu\\\/fr\\\/shop\\\/tear-aid-type-b-kit-de-reparation-pour-le-vinyle-et-le-pvc\\\/\"]}]},{\"@type\":\"ImageObject\",\"inLanguage\":\"fr-FR\",\"@id\":\"https:\\\/\\\/nts-europe.eu\\\/fr\\\/shop\\\/tear-aid-type-b-kit-de-reparation-pour-le-vinyle-et-le-pvc\\\/#primaryimage\",\"url\":\"https:\\\/\\\/nts-europe.eu\\\/wp-content\\\/uploads\\\/2024\\\/08\\\/2024-TA-Product-Image-TA-B-PK-1.jpg\",\"contentUrl\":\"https:\\\/\\\/nts-europe.eu\\\/wp-content\\\/uploads\\\/2024\\\/08\\\/2024-TA-Product-Image-TA-B-PK-1.jpg\",\"width\":1000,\"height\":1000,\"caption\":\"Tear-Aid Vinyl &amp; PVC repair pack TA-B-PK front cover\"},{\"@type\":\"BreadcrumbList\",\"@id\":\"https:\\\/\\\/nts-europe.eu\\\/fr\\\/shop\\\/tear-aid-type-b-kit-de-reparation-pour-le-vinyle-et-le-pvc\\\/#breadcrumb\",\"itemListElement\":[{\"@type\":\"ListItem\",\"position\":1,\"name\":\"Accueil\",\"item\":\"https:\\\/\\\/nts-europe.eu\\\/fr\\\/nts-europe\\\/\"},{\"@type\":\"ListItem\",\"position\":2,\"name\":\"Shop\",\"item\":\"https:\\\/\\\/nts-europe.eu\\\/shop\\\/\"},{\"@type\":\"ListItem\",\"position\":3,\"name\":\"Tear-Aid Type B Kit de r\u00e9paration pour le vinyle et le PVC\"}]},{\"@type\":\"WebSite\",\"@id\":\"https:\\\/\\\/nts-europe.eu\\\/#website\",\"url\":\"https:\\\/\\\/nts-europe.eu\\\/\",\"name\":\"NTS Europe\",\"description\":\"Home of Tear-Aid, MistyStix, MistyBubbles and KlipSkis\",\"publisher\":{\"@id\":\"https:\\\/\\\/nts-europe.eu\\\/#organization\"},\"potentialAction\":[{\"@type\":\"SearchAction\",\"target\":{\"@type\":\"EntryPoint\",\"urlTemplate\":\"https:\\\/\\\/nts-europe.eu\\\/?s={search_term_string}\"},\"query-input\":{\"@type\":\"PropertyValueSpecification\",\"valueRequired\":true,\"valueName\":\"search_term_string\"}}],\"inLanguage\":\"fr-FR\"},{\"@type\":\"Organization\",\"@id\":\"https:\\\/\\\/nts-europe.eu\\\/#organization\",\"name\":\"NTS Europe\",\"url\":\"https:\\\/\\\/nts-europe.eu\\\/\",\"logo\":{\"@type\":\"ImageObject\",\"inLanguage\":\"fr-FR\",\"@id\":\"https:\\\/\\\/nts-europe.eu\\\/#\\\/schema\\\/logo\\\/image\\\/\",\"url\":\"https:\\\/\\\/nts-europe.eu\\\/wp-content\\\/uploads\\\/2024\\\/08\\\/nts-logo-2012-transparent-retina-tight-1.png\",\"contentUrl\":\"https:\\\/\\\/nts-europe.eu\\\/wp-content\\\/uploads\\\/2024\\\/08\\\/nts-logo-2012-transparent-retina-tight-1.png\",\"width\":1025,\"height\":690,\"caption\":\"NTS Europe\"},\"image\":{\"@id\":\"https:\\\/\\\/nts-europe.eu\\\/#\\\/schema\\\/logo\\\/image\\\/\"},\"sameAs\":[\"https:\\\/\\\/www.facebook.com\\\/ntseurope\\\/\",\"https:\\\/\\\/x.com\\\/ntseurope\"]}]}<\/script>\n<!-- \/ Yoast SEO plugin. -->","yoast_head_json":{"title":"Tear-Aid Type B Kit de r\u00e9paration pour le vinyle et le PVC - NTS Europe","robots":{"index":"index","follow":"follow","max-snippet":"max-snippet:-1","max-image-preview":"max-image-preview:large","max-video-preview":"max-video-preview:-1"},"canonical":"https:\/\/nts-europe.eu\/fr\/shop\/tear-aid-type-b-kit-de-reparation-pour-le-vinyle-et-le-pvc\/","og_locale":"fr_FR","og_type":"article","og_title":"Tear-Aid Type B Kit de r\u00e9paration pour le vinyle et le PVC - NTS Europe","og_description":"Tear-Aid\u00ae Type B est sp\u00e9cialement formul\u00e9 pour r\u00e9parer les trous et les d\u00e9chirures dans le PVC et le vinyle et les articles qui ont un rev\u00eatement en PVC ou en vinyle. Ce paquet pratique contient trois patchs de tailles diff\u00e9rentes, dont le plus grand peut \u00eatre coup\u00e9 \u00e0 la taille et \u00e0 la forme voulues, ce qui permet de n'utiliser que la quantit\u00e9 dont vous avez besoin.","og_url":"https:\/\/nts-europe.eu\/fr\/shop\/tear-aid-type-b-kit-de-reparation-pour-le-vinyle-et-le-pvc\/","og_site_name":"NTS Europe","article_publisher":"https:\/\/www.facebook.com\/ntseurope\/","og_image":[{"width":1000,"height":1000,"url":"https:\/\/nts-europe.eu\/wp-content\/uploads\/2024\/08\/2024-TA-Product-Image-TA-B-PK-1.jpg","type":"image\/jpeg"}],"twitter_card":"summary_large_image","twitter_site":"@ntseurope","schema":{"@context":"https:\/\/schema.org","@graph":[{"@type":"WebPage","@id":"https:\/\/nts-europe.eu\/fr\/shop\/tear-aid-type-b-kit-de-reparation-pour-le-vinyle-et-le-pvc\/","url":"https:\/\/nts-europe.eu\/fr\/shop\/tear-aid-type-b-kit-de-reparation-pour-le-vinyle-et-le-pvc\/","name":"Tear-Aid Type B Kit de r\u00e9paration pour le vinyle et le PVC - NTS Europe","isPartOf":{"@id":"https:\/\/nts-europe.eu\/#website"},"primaryImageOfPage":{"@id":"https:\/\/nts-europe.eu\/fr\/shop\/tear-aid-type-b-kit-de-reparation-pour-le-vinyle-et-le-pvc\/#primaryimage"},"image":{"@id":"https:\/\/nts-europe.eu\/fr\/shop\/tear-aid-type-b-kit-de-reparation-pour-le-vinyle-et-le-pvc\/#primaryimage"},"thumbnailUrl":"https:\/\/nts-europe.eu\/wp-content\/uploads\/2024\/08\/2024-TA-Product-Image-TA-B-PK-1.jpg","datePublished":"2024-09-26T15:53:49+00:00","breadcrumb":{"@id":"https:\/\/nts-europe.eu\/fr\/shop\/tear-aid-type-b-kit-de-reparation-pour-le-vinyle-et-le-pvc\/#breadcrumb"},"inLanguage":"fr-FR","potentialAction":[{"@type":"ReadAction","target":["https:\/\/nts-europe.eu\/fr\/shop\/tear-aid-type-b-kit-de-reparation-pour-le-vinyle-et-le-pvc\/"]}]},{"@type":"ImageObject","inLanguage":"fr-FR","@id":"https:\/\/nts-europe.eu\/fr\/shop\/tear-aid-type-b-kit-de-reparation-pour-le-vinyle-et-le-pvc\/#primaryimage","url":"https:\/\/nts-europe.eu\/wp-content\/uploads\/2024\/08\/2024-TA-Product-Image-TA-B-PK-1.jpg","contentUrl":"https:\/\/nts-europe.eu\/wp-content\/uploads\/2024\/08\/2024-TA-Product-Image-TA-B-PK-1.jpg","width":1000,"height":1000,"caption":"Tear-Aid Vinyl &amp; PVC repair pack TA-B-PK front cover"},{"@type":"BreadcrumbList","@id":"https:\/\/nts-europe.eu\/fr\/shop\/tear-aid-type-b-kit-de-reparation-pour-le-vinyle-et-le-pvc\/#breadcrumb","itemListElement":[{"@type":"ListItem","position":1,"name":"Accueil","item":"https:\/\/nts-europe.eu\/fr\/nts-europe\/"},{"@type":"ListItem","position":2,"name":"Shop","item":"https:\/\/nts-europe.eu\/shop\/"},{"@type":"ListItem","position":3,"name":"Tear-Aid Type B Kit de r\u00e9paration pour le vinyle et le PVC"}]},{"@type":"WebSite","@id":"https:\/\/nts-europe.eu\/#website","url":"https:\/\/nts-europe.eu\/","name":"NTS Europe","description":"Home of Tear-Aid, MistyStix, MistyBubbles and KlipSkis","publisher":{"@id":"https:\/\/nts-europe.eu\/#organization"},"potentialAction":[{"@type":"SearchAction","target":{"@type":"EntryPoint","urlTemplate":"https:\/\/nts-europe.eu\/?s={search_term_string}"},"query-input":{"@type":"PropertyValueSpecification","valueRequired":true,"valueName":"search_term_string"}}],"inLanguage":"fr-FR"},{"@type":"Organization","@id":"https:\/\/nts-europe.eu\/#organization","name":"NTS Europe","url":"https:\/\/nts-europe.eu\/","logo":{"@type":"ImageObject","inLanguage":"fr-FR","@id":"https:\/\/nts-europe.eu\/#\/schema\/logo\/image\/","url":"https:\/\/nts-europe.eu\/wp-content\/uploads\/2024\/08\/nts-logo-2012-transparent-retina-tight-1.png","contentUrl":"https:\/\/nts-europe.eu\/wp-content\/uploads\/2024\/08\/nts-logo-2012-transparent-retina-tight-1.png","width":1025,"height":690,"caption":"NTS Europe"},"image":{"@id":"https:\/\/nts-europe.eu\/#\/schema\/logo\/image\/"},"sameAs":["https:\/\/www.facebook.com\/ntseurope\/","https:\/\/x.com\/ntseurope"]}]}},"jetpack_sharing_enabled":true,"_links":{"self":[{"href":"https:\/\/nts-europe.eu\/fr\/wp-json\/wp\/v2\/product\/24967","targetHints":{"allow":["GET"]}}],"collection":[{"href":"https:\/\/nts-europe.eu\/fr\/wp-json\/wp\/v2\/product"}],"about":[{"href":"https:\/\/nts-europe.eu\/fr\/wp-json\/wp\/v2\/types\/product"}],"version-history":[{"count":0,"href":"https:\/\/nts-europe.eu\/fr\/wp-json\/wp\/v2\/product\/24967\/revisions"}],"wp:featuredmedia":[{"embeddable":true,"href":"https:\/\/nts-europe.eu\/fr\/wp-json\/wp\/v2\/media\/17918"}],"wp:attachment":[{"href":"https:\/\/nts-europe.eu\/fr\/wp-json\/wp\/v2\/media?parent=24967"}],"wp:term":[{"taxonomy":"product_brand","embeddable":true,"href":"https:\/\/nts-europe.eu\/fr\/wp-json\/wp\/v2\/product_brand?post=24967"},{"taxonomy":"product_cat","embeddable":true,"href":"https:\/\/nts-europe.eu\/fr\/wp-json\/wp\/v2\/product_cat?post=24967"},{"taxonomy":"product_tag","embeddable":true,"href":"https:\/\/nts-europe.eu\/fr\/wp-json\/wp\/v2\/product_tag?post=24967"}],"curies":[{"name":"wp","href":"https:\/\/api.w.org\/{rel}","templated":true}]}}